{"id":5756,"date":"2022-03-25T10:51:43","date_gmt":"2022-03-25T10:51:43","guid":{"rendered":"http:\/\/192.168.0.250\/konstruk\/?page_id=5756"},"modified":"2024-10-03T10:13:20","modified_gmt":"2024-10-03T10:13:20","slug":"services","status":"publish","type":"page","link":"https:\/\/biofood-dz.com\/switchelectric\/services\/","title":{"rendered":"Services"},"content":{"rendered":"\t\t<div data-elementor-type=\"wp-page\" data-elementor-id=\"5756\" class=\"elementor elementor-5756\">\n\t\t\t\t\t\t<section class=\"elementor-section elementor-top-section elementor-element elementor-element-26b2502 elementor-section-stretched elementor-section-boxed elementor-section-height-default elementor-section-height-default\" data-id=\"26b2502\" data-element_type=\"section\" data-settings=\"{&quot;stretch_section&quot;:&quot;section-stretched&quot;,&quot;background_background&quot;:&quot;classic&quot;}\">\n\t\t\t\t\t\t\t<div class=\"elementor-background-overlay\"><\/div>\n\t\t\t\t\t\t\t<div class=\"elementor-container elementor-column-gap-default\">\n\t\t\t\t\t<div class=\"elementor-column elementor-col-33 elementor-top-column elementor-element elementor-element-e423f15 elementor-hidden-mobile\" data-id=\"e423f15\" data-element_type=\"column\">\n\t\t\t<div class=\"elementor-widget-wrap\">\n\t\t\t\t\t\t\t<\/div>\n\t\t<\/div>\n\t\t\t\t<div class=\"elementor-column elementor-col-33 elementor-top-column elementor-element elementor-element-cf06dee\" data-id=\"cf06dee\" data-element_type=\"column\">\n\t\t\t<div class=\"elementor-widget-wrap elementor-element-populated\">\n\t\t\t\t\t\t<div class=\"elementor-element elementor-element-bdf40ad elementor-widget elementor-widget-rs-heading\" data-id=\"bdf40ad\" data-element_type=\"widget\" data-widget_type=\"rs-heading.default\">\n\t\t\t\t<div class=\"elementor-widget-container\">\n\t\t\t\n        <div class=\"prelements-heading style4 animate- center\">\n\n\n\n        \t<div class=\"title-inner\">        \t\t      \t\t\n\t            <h1 class=\"title\"><span class=\"watermark\"><\/span>Services<\/h1>\t\t\t\t\n\t\t\t\t\t        <\/div>\n\t                <\/div>\n        \t\t<\/div>\n\t\t\t\t<\/div>\n\t\t\t\t<div class=\"elementor-element elementor-element-79672ef elementor-widget elementor-widget-rs-breadcrumb\" data-id=\"79672ef\" data-element_type=\"widget\" data-widget_type=\"rs-breadcrumb.default\">\n\t\t\t\t<div class=\"elementor-widget-container\">\n\t\t\t                    <div class=\"breadcrumb-area style3\"> \n                <div class=\"breadcrumbs-inner\"> <!-- Breadcrumb NavXT 7.3.1 -->\n<span property=\"itemListElement\" typeof=\"ListItem\"><a property=\"item\" typeof=\"WebPage\" title=\"Aller \u00e0 SWITCH ELECTRIC.\" href=\"https:\/\/biofood-dz.com\/switchelectric\" class=\"home\" ><span property=\"name\">SWITCH ELECTRIC<\/span><\/a><meta property=\"position\" content=\"1\"><\/span> &gt; <span property=\"itemListElement\" typeof=\"ListItem\"><a property=\"item\" typeof=\"WebPage\" title=\"Aller \u00e0 Blog.\" href=\"https:\/\/biofood-dz.com\/switchelectric\/blog\/\" class=\"post-root post post-post\" aria-current=\"page\"><span property=\"name\">Blog<\/span><\/a><meta property=\"position\" content=\"2\"><\/span><\/div>\n            <\/div> \n          \n    \t\t<\/div>\n\t\t\t\t<\/div>\n\t\t\t\t\t<\/div>\n\t\t<\/div>\n\t\t\t\t<div class=\"elementor-column elementor-col-33 elementor-top-column elementor-element elementor-element-4acfeba elementor-hidden-mobile\" data-id=\"4acfeba\" data-element_type=\"column\">\n\t\t\t<div class=\"elementor-widget-wrap\">\n\t\t\t\t\t\t\t<\/div>\n\t\t<\/div>\n\t\t\t\t\t<\/div>\n\t\t<\/section>\n\t\t\t\t<section class=\"elementor-section elementor-top-section elementor-element elementor-element-9c85abd elementor-section-stretched elementor-section-boxed elementor-section-height-default elementor-section-height-default\" data-id=\"9c85abd\" data-element_type=\"section\" data-settings=\"{&quot;stretch_section&quot;:&quot;section-stretched&quot;,&quot;background_background&quot;:&quot;classic&quot;}\">\n\t\t\t\t\t\t<div class=\"elementor-container elementor-column-gap-default\">\n\t\t\t\t\t<div class=\"elementor-column elementor-col-100 elementor-top-column elementor-element elementor-element-833e7e6\" data-id=\"833e7e6\" data-element_type=\"column\">\n\t\t\t<div class=\"elementor-widget-wrap elementor-element-populated\">\n\t\t\t\t\t\t<section class=\"elementor-section elementor-inner-section elementor-element elementor-element-686c757 elementor-section-boxed elementor-section-height-default elementor-section-height-default\" data-id=\"686c757\" data-element_type=\"section\">\n\t\t\t\t\t\t<div class=\"elementor-container elementor-column-gap-extended\">\n\t\t\t\t\t<div class=\"elementor-column elementor-col-50 elementor-inner-column elementor-element elementor-element-2f0e790\" data-id=\"2f0e790\" data-element_type=\"column\">\n\t\t\t<div class=\"elementor-widget-wrap elementor-element-populated\">\n\t\t\t\t\t\t<div class=\"elementor-element elementor-element-c1ce2b6 elementor-widget elementor-widget-rs-service-grid\" data-id=\"c1ce2b6\" data-element_type=\"widget\" data-widget_type=\"rs-service-grid.default\">\n\t\t\t\t<div class=\"elementor-widget-container\">\n\t\t\t\t\t\r\n\t\t<div class=\" rs-addon-services services-style5 service_shape_yes box_shadow_serial_disable -border rs_hover_shape_disable rs_ rs-shape_image-hover\">\r\n\r\n\t\t    <div class=\"services-part image-align-top\">\r\n\r\n\t\t    \t\r\n\r\n\t\t    \t\t\t\t    \t\t    \t\t\r\n\t\t    \t\t\t    \t\t\t\r\n\t\t\t    \t\t\t\t\t\t    \t\t\t\t\r\n\t\t\t\t    \t\t\t\t<div class=\"services-icon   icon_size_ image-hover no  border-style-\">\r\n\r\n\t\t\t\t\t\t\t    \t\t\r\n\t\t\t\t\t\t\t    \t\t\t\t\t\t\t\t\t\t    \t\t\t\t\t\t\t\t\t\t\t    \t\t\t\t\t\t\t\t\t\t\t    \t\t<img decoding=\"async\" class=\"main-img\" src=\"https:\/\/biofood-dz.com\/switchelectric\/wp-content\/uploads\/2024\/09\/WhatsApp-Image-2024-09-22-at-3.07.22-PM.jpeg\" alt=\"image\"\/>\r\n\t\t\t\t\t\t\t\t\t    \t\t\t\t\t\t\t\t\t\t    \t\t\t\t\t\t\t\t\t\t    \t\r\n\t\t\t\t\t\t\t\t    \t\r\n\t\t\t\t\t\t\t    \t\t\r\n\t\t\t\t\t\t\t    \t\t\r\n\r\n\r\n\t\t\t\t\t\t    \t\t<\/div>\r\n\r\n\t\t\t\t\t    \t\t\t\t\t\t    \t\t\t\t\t    \t\t\r\n\t\t    \t\t\t    \t\t       \r\n\t\t\t    <div class=\"services-text\">\r\n\t\t\t    \t<div class=\"service-inner button_inner\">\r\n\r\n\r\n\t\t\t    \t\t\r\n\t\t\t    \t\t\r\n\r\n\t\t\t\t    \t\r\n\t\t\t\t    \t\t\t\t\t\t    \t\t\t\t\t\t\t    \t<div class=\"services-titles\">\t\t\t\t    \t\t\r\n\t\t\t\t\t\t    \t\t\t\t\t\t\t    \t\t\t\t\t\t\t    \t\t\t\r\n\t\t\t\t\t\t    \t\t<h3  class=\"title\"> <a href=\"https:\/\/rstheme.com\/products\/wordpress\/konstruk\/general-construction\/\"  >Travaux d\u2019\u00e9lectricit\u00e9 B\u00e2timents &amp; Industriels<\/a><\/h3>\r\n\t\t\t\t\t\t    \t\t\t\t\t\t    \t\t\r\n\t\t\t\t\t\t    \t<\/div>\r\n\t\t\t\t\t    \t\t\r\n\r\n\r\n\r\n\t\t\t\t\t    \r\n\t\t\t\t    \t\t\t\t\t    \t\t<p class=\"services-txt\">  D\u00e9couvrez nos services complets en \u00e9lectricit\u00e9 pour les r\u00e9seaux Moyenne Tension (MT) et Basse Tension (BT)<\/p>\t\r\n\t\t\t\t    \t\t\r\n\r\n\t    \t    \t\t\t\t    \t    \t\t\t\t\t    \t\t    \t<div class=\"services-btn-part\">\r\n\t\t\t    \t\t    \t\t\t\t    \t\t    \t\t\t<a class=\"services-btn icon-after\" href=\"https:\/\/biofood-dz.com\/switchelectric\/travaux-delectricite-batiments-industriels\/\" >\r\n\r\n\t\t    \t\t    \t\t\t\t<span class=\"btn_text\">\r\n\t\t    \t\t    \t\t\t\t\tLire Plus    \t\t\t\t\t\t\r\n\t\t    \t\t    \t\t\t\t<\/span>\r\n\r\n\t\t    \t\t    \t\t\t\t\r\n\r\n\t\t    \t\t    \t\t\t<\/a>\r\n\t\t\t    \t\t    \t<\/div>\r\n\t\t\t    \t    \t\t\t\t\t    <\/div>\r\n\t\t\t    <\/div>\r\n\r\n\t\t\t    \t\t\t    \t<div class=\"normarl-text-area\">\r\n\t\t\t    \t\t\t\t\t\t    \t<div class=\"services-titles\">\t\t\t\t    \t\t\r\n\t\t\t\t    \t\t\t\t\t\t\t    \t\t\t\t\t\t\t    \t\t\t\r\n\t\t\t\t    \t\t<h3  class=\"title\"> <a href=\"https:\/\/rstheme.com\/products\/wordpress\/konstruk\/general-construction\/\"  >Travaux d\u2019\u00e9lectricit\u00e9 B\u00e2timents &amp; Industriels<\/a><\/h3>\r\n\t\t\t\t    \t\t\t\t\t\t    \t\t\r\n\t\t\t\t    \t<\/div>\r\n\t\t\t    \t\t\r\n\t\t\t    \t\t\t\t\t\t    <\/div>\r\n\t\t\t    \r\n\t\t\t    \t\r\n\r\n\t\t\t    \r\n\t    \t\t\r\n\t\t\t    \t\t\t<\/div>\r\n\r\n\t\t\t\r\n\t\t<\/div>\t\r\n\t\t\r\n\t\t\t<\/div>\n\t\t\t\t<\/div>\n\t\t\t\t\t<\/div>\n\t\t<\/div>\n\t\t\t\t<div class=\"elementor-column elementor-col-50 elementor-inner-column elementor-element elementor-element-af1088e\" data-id=\"af1088e\" data-element_type=\"column\">\n\t\t\t<div class=\"elementor-widget-wrap elementor-element-populated\">\n\t\t\t\t\t\t<div class=\"elementor-element elementor-element-f6d5e3e elementor-widget elementor-widget-rs-heading\" data-id=\"f6d5e3e\" data-element_type=\"widget\" data-widget_type=\"rs-heading.default\">\n\t\t\t\t<div class=\"elementor-widget-container\">\n\t\t\t\n        <div class=\"prelements-heading style9 animate- center\">\n\n\n\n        \t<div class=\"title-inner\">        \t\t      \t\t\n\t             <img decoding=\"async\" src=\"https:\/\/rstheme.com\/products\/wordpress\/konstruk\/wp-content\/uploads\/2022\/03\/shape_1.png\" alt=\"icon\"><span class=\"sub-text \">SWITSH ELECTRIC<\/span><h2 class=\"title\"><span class=\"watermark\"><\/span>Travaux d\u2019\u00e9lectricit\u00e9 B\u00e2timents &amp; Industriels\n<\/h2>\t\t\t\t\n\t\t\t\t\t        <\/div>\n\t                    \t<div class=\"description\">\n            \t\t            \t\t<p>D\u00e9couvrez nos services complets en \u00e9lectricit\u00e9 pour les r\u00e9seaux Moyenne Tension (MT) et Basse Tension (BT)<\/p>  \n            \t<\/div>\n        \t        <\/div>\n        \t\t<\/div>\n\t\t\t\t<\/div>\n\t\t\t\t<div class=\"elementor-element elementor-element-4b6517f rselement-dual-button-layout-center elementor-widget elementor-widget-rs-dual-button\" data-id=\"4b6517f\" data-element_type=\"widget\" data-widget_type=\"rs-dual-button.default\">\n\t\t\t\t<div class=\"elementor-widget-container\">\n\t\t\t        <div class=\"rselement-dual-btn-wrapper\">\n            <a class=\"rselement-dual-btn rselement-dual-btn--left\" href=\"https:\/\/biofood-dz.com\/switchelectric\/travaux-delectricite-batiments-industriels\/\">\n                                                    <span >Lire Plus<\/span>\n                                            <\/a>\n                            <span class=\"rselement-dual-btn-connector rselement-dual-btn-connector--text\">\n                    Ou                <\/span>\n                    <\/div>\n        <div class=\"rselement-dual-btn-wrapper\">\n            <a class=\"rselement-dual-btn rselement-dual-btn--right\" href=\"https:\/\/biofood-dz.com\/switchelectric\/contact\/\">\n                                                    <span >Contact<\/span>\n                                            <\/a>\n        <\/div>\n        \t\t<\/div>\n\t\t\t\t<\/div>\n\t\t\t\t\t<\/div>\n\t\t<\/div>\n\t\t\t\t\t<\/div>\n\t\t<\/section>\n\t\t\t\t\t<\/div>\n\t\t<\/div>\n\t\t\t\t\t<\/div>\n\t\t<\/section>\n\t\t\t\t<section class=\"elementor-section elementor-inner-section elementor-element elementor-element-b0628cb elementor-section-boxed elementor-section-height-default elementor-section-height-default\" data-id=\"b0628cb\" data-element_type=\"section\">\n\t\t\t\t\t\t<div class=\"elementor-container elementor-column-gap-extended\">\n\t\t\t\t\t<div class=\"elementor-column elementor-col-50 elementor-inner-column elementor-element elementor-element-af6f1ea\" data-id=\"af6f1ea\" data-element_type=\"column\">\n\t\t\t<div class=\"elementor-widget-wrap elementor-element-populated\">\n\t\t\t\t\t\t<div class=\"elementor-element elementor-element-c6c429f elementor-widget elementor-widget-rs-heading\" data-id=\"c6c429f\" data-element_type=\"widget\" data-widget_type=\"rs-heading.default\">\n\t\t\t\t<div class=\"elementor-widget-container\">\n\t\t\t\n        <div class=\"prelements-heading style9 animate- center\">\n\n\n\n        \t<div class=\"title-inner\">        \t\t      \t\t\n\t             <img decoding=\"async\" src=\"https:\/\/rstheme.com\/products\/wordpress\/konstruk\/wp-content\/uploads\/2022\/03\/shape_1.png\" alt=\"icon\"><span class=\"sub-text \">SWITSH ELECTRIC<\/span><h2 class=\"title\"><span class=\"watermark\"><\/span>FABRICATION ET INSTALLATION DES CHAMBRES FROIDES\n<\/h2>\t\t\t\t\n\t\t\t\t\t        <\/div>\n\t                    \t<div class=\"description\">\n            \t\t            \t\t<p>Parmi notre large \u00e9ventail de services, nous proposons \u00e9galement la fabrication et l'installation de chambres froides ...<\/p>  \n            \t<\/div>\n        \t        <\/div>\n        \t\t<\/div>\n\t\t\t\t<\/div>\n\t\t\t\t<div class=\"elementor-element elementor-element-66a6822 rselement-dual-button-layout-center elementor-widget elementor-widget-rs-dual-button\" data-id=\"66a6822\" data-element_type=\"widget\" data-widget_type=\"rs-dual-button.default\">\n\t\t\t\t<div class=\"elementor-widget-container\">\n\t\t\t        <div class=\"rselement-dual-btn-wrapper\">\n            <a class=\"rselement-dual-btn rselement-dual-btn--left\" href=\"https:\/\/biofood-dz.com\/switchelectric\/fabrication-et-installation-des-chambres-froides\/\">\n                                                    <span >Lire Plus<\/span>\n                                            <\/a>\n                            <span class=\"rselement-dual-btn-connector rselement-dual-btn-connector--text\">\n                    Ou                <\/span>\n                    <\/div>\n        <div class=\"rselement-dual-btn-wrapper\">\n            <a class=\"rselement-dual-btn rselement-dual-btn--right\" href=\"https:\/\/biofood-dz.com\/switchelectric\/contact\/\">\n                                                    <span >Contact<\/span>\n                                            <\/a>\n        <\/div>\n        \t\t<\/div>\n\t\t\t\t<\/div>\n\t\t\t\t\t<\/div>\n\t\t<\/div>\n\t\t\t\t<div class=\"elementor-column elementor-col-50 elementor-inner-column elementor-element elementor-element-9302116\" data-id=\"9302116\" data-element_type=\"column\">\n\t\t\t<div class=\"elementor-widget-wrap elementor-element-populated\">\n\t\t\t\t\t\t<div class=\"elementor-element elementor-element-5d83e50 elementor-widget elementor-widget-rs-service-grid\" data-id=\"5d83e50\" data-element_type=\"widget\" data-widget_type=\"rs-service-grid.default\">\n\t\t\t\t<div class=\"elementor-widget-container\">\n\t\t\t\t\t\r\n\t\t<div class=\" rs-addon-services services-style5 service_shape_yes box_shadow_serial_disable -border rs_hover_shape_disable rs_ rs-shape_image-hover\">\r\n\r\n\t\t    <div class=\"services-part image-align-top\">\r\n\r\n\t\t    \t\r\n\r\n\t\t    \t\t\t\t    \t\t    \t\t\r\n\t\t    \t\t\t    \t\t\t\r\n\t\t\t    \t\t\t\t\t\t    \t\t\t\t\r\n\t\t\t\t    \t\t\t\t<div class=\"services-icon   icon_size_ image-hover no  border-style-\">\r\n\r\n\t\t\t\t\t\t\t    \t\t\r\n\t\t\t\t\t\t\t    \t\t\t\t\t\t\t\t\t\t    \t\t\t\t\t\t\t\t\t\t\t    \t\t\t\t\t\t\t\t\t\t\t    \t\t<img decoding=\"async\" class=\"main-img\" src=\"https:\/\/biofood-dz.com\/switchelectric\/wp-content\/uploads\/2024\/09\/img-3.jpg\" alt=\"image\"\/>\r\n\t\t\t\t\t\t\t\t\t    \t\t\t\t\t\t\t\t\t\t    \t\t\t\t\t\t\t\t\t\t    \t\r\n\t\t\t\t\t\t\t\t    \t\r\n\t\t\t\t\t\t\t    \t\t\r\n\t\t\t\t\t\t\t    \t\t\r\n\r\n\r\n\t\t\t\t\t\t    \t\t<\/div>\r\n\r\n\t\t\t\t\t    \t\t\t\t\t\t    \t\t\t\t\t    \t\t\r\n\t\t    \t\t\t    \t\t       \r\n\t\t\t    <div class=\"services-text\">\r\n\t\t\t    \t<div class=\"service-inner button_inner\">\r\n\r\n\r\n\t\t\t    \t\t\r\n\t\t\t    \t\t\r\n\r\n\t\t\t\t    \t\r\n\t\t\t\t    \t\t\t\t\t\t    \t\t\t\t\t\t\t    \t<div class=\"services-titles\">\t\t\t\t    \t\t\r\n\t\t\t\t\t\t    \t\t\t\t\t\t\t    \t\t\t\t\t\t\t    \t\t\t\r\n\t\t\t\t\t\t    \t\t<h3  class=\"title\"> <a href=\"https:\/\/biofood-dz.com\/switchelectric\/fabrication-et-installation-des-chambres-froides\/\"  >FABRICATION ET INSTALLATION DES CHAMBRES FROIDES<\/a><\/h3>\r\n\t\t\t\t\t\t    \t\t\t\t\t\t    \t\t\r\n\t\t\t\t\t\t    \t<\/div>\r\n\t\t\t\t\t    \t\t\r\n\r\n\r\n\r\n\t\t\t\t\t    \r\n\t\t\t\t    \t\t\t\t\t    \t\t<p class=\"services-txt\">  Parmi notre large \u00e9ventail de services, nous proposons \u00e9galement la fabrication et l'installation de chambres froides ...<\/p>\t\r\n\t\t\t\t    \t\t\r\n\r\n\t    \t    \t\t\t\t    \t    \t\t\t\t\t    \t\t    \t<div class=\"services-btn-part\">\r\n\t\t\t    \t\t    \t\t\t\t    \t\t    \t\t\t<a class=\"services-btn icon-after\" href=\"https:\/\/biofood-dz.com\/switchelectric\/fabrication-et-installation-des-chambres-froides\/\" >\r\n\r\n\t\t    \t\t    \t\t\t\t<span class=\"btn_text\">\r\n\t\t    \t\t    \t\t\t\t\tLire Plus    \t\t\t\t\t\t\r\n\t\t    \t\t    \t\t\t\t<\/span>\r\n\r\n\t\t    \t\t    \t\t\t\t\r\n\r\n\t\t    \t\t    \t\t\t<\/a>\r\n\t\t\t    \t\t    \t<\/div>\r\n\t\t\t    \t    \t\t\t\t\t    <\/div>\r\n\t\t\t    <\/div>\r\n\r\n\t\t\t    \t\t\t    \t<div class=\"normarl-text-area\">\r\n\t\t\t    \t\t\t\t\t\t    \t<div class=\"services-titles\">\t\t\t\t    \t\t\r\n\t\t\t\t    \t\t\t\t\t\t\t    \t\t\t\t\t\t\t    \t\t\t\r\n\t\t\t\t    \t\t<h3  class=\"title\"> <a href=\"https:\/\/biofood-dz.com\/switchelectric\/fabrication-et-installation-des-chambres-froides\/\"  >FABRICATION ET INSTALLATION DES CHAMBRES FROIDES<\/a><\/h3>\r\n\t\t\t\t    \t\t\t\t\t\t    \t\t\r\n\t\t\t\t    \t<\/div>\r\n\t\t\t    \t\t\r\n\t\t\t    \t\t\t\t\t\t    <\/div>\r\n\t\t\t    \r\n\t\t\t    \t\r\n\r\n\t\t\t    \r\n\t    \t\t\r\n\t\t\t    \t\t\t<\/div>\r\n\r\n\t\t\t\r\n\t\t<\/div>\t\r\n\t\t\r\n\t\t\t<\/div>\n\t\t\t\t<\/div>\n\t\t\t\t\t<\/div>\n\t\t<\/div>\n\t\t\t\t\t<\/div>\n\t\t<\/section>\n\t\t\t\t<\/div>\n\t\t","protected":false},"excerpt":{"rendered":"<p>Services SWITCH ELECTRIC &gt; Blog Travaux d\u2019\u00e9lectricit\u00e9 B\u00e2timents &amp; Industriels D\u00e9couvrez nos services complets en \u00e9lectricit\u00e9 pour les r\u00e9seaux Moyenne Tension (MT) et Basse Tension (BT) Lire Plus Travaux d\u2019\u00e9lectricit\u00e9 B\u00e2timents &amp; Industriels SWITSH ELECTRIC Travaux d\u2019\u00e9lectricit\u00e9 B\u00e2timents &amp; Industriels D\u00e9couvrez nos services complets en \u00e9lectricit\u00e9 pour les r\u00e9seaux Moyenne Tension (MT) et Basse Tension&#8230;<\/p>\n","protected":false},"author":1,"featured_media":0,"parent":0,"menu_order":0,"comment_status":"closed","ping_status":"closed","template":"","meta":{"_monsterinsights_skip_tracking":false,"_monsterinsights_sitenote_active":false,"_monsterinsights_sitenote_note":"","_monsterinsights_sitenote_category":0,"footnotes":""},"class_list":["post-5756","page","type-page","status-publish","hentry"],"aioseo_notices":[],"_links":{"self":[{"href":"https:\/\/biofood-dz.com\/switchelectric\/wp-json\/wp\/v2\/pages\/5756","targetHints":{"allow":["GET"]}}],"collection":[{"href":"https:\/\/biofood-dz.com\/switchelectric\/wp-json\/wp\/v2\/pages"}],"about":[{"href":"https:\/\/biofood-dz.com\/switchelectric\/wp-json\/wp\/v2\/types\/page"}],"author":[{"embeddable":true,"href":"https:\/\/biofood-dz.com\/switchelectric\/wp-json\/wp\/v2\/users\/1"}],"replies":[{"embeddable":true,"href":"https:\/\/biofood-dz.com\/switchelectric\/wp-json\/wp\/v2\/comments?post=5756"}],"version-history":[{"count":29,"href":"https:\/\/biofood-dz.com\/switchelectric\/wp-json\/wp\/v2\/pages\/5756\/revisions"}],"predecessor-version":[{"id":19656,"href":"https:\/\/biofood-dz.com\/switchelectric\/wp-json\/wp\/v2\/pages\/5756\/revisions\/19656"}],"wp:attachment":[{"href":"https:\/\/biofood-dz.com\/switchelectric\/wp-json\/wp\/v2\/media?parent=5756"}],"curies":[{"name":"wp","href":"https:\/\/api.w.org\/{rel}","templated":true}]}}