{"id":3573,"date":"2022-03-23T08:22:30","date_gmt":"2022-03-23T08:22:30","guid":{"rendered":"http:\/\/192.168.0.250\/konstruk\/?page_id=3573"},"modified":"2024-10-03T10:18:54","modified_gmt":"2024-10-03T10:18:54","slug":"about","status":"publish","type":"page","link":"https:\/\/biofood-dz.com\/switchelectric\/about\/","title":{"rendered":"About"},"content":{"rendered":"\t\t<div data-elementor-type=\"wp-page\" data-elementor-id=\"3573\" class=\"elementor elementor-3573\">\n\t\t\t\t\t\t<section class=\"elementor-section elementor-top-section elementor-element elementor-element-5525da6 elementor-section-stretched elementor-section-boxed elementor-section-height-default elementor-section-height-default\" data-id=\"5525da6\" data-element_type=\"section\" data-settings=\"{&quot;stretch_section&quot;:&quot;section-stretched&quot;,&quot;background_background&quot;:&quot;classic&quot;}\">\n\t\t\t\t\t\t\t<div class=\"elementor-background-overlay\"><\/div>\n\t\t\t\t\t\t\t<div class=\"elementor-container elementor-column-gap-default\">\n\t\t\t\t\t<div class=\"elementor-column elementor-col-33 elementor-top-column elementor-element elementor-element-ee264f1 elementor-hidden-mobile\" data-id=\"ee264f1\" data-element_type=\"column\">\n\t\t\t<div class=\"elementor-widget-wrap\">\n\t\t\t\t\t\t\t<\/div>\n\t\t<\/div>\n\t\t\t\t<div class=\"elementor-column elementor-col-33 elementor-top-column elementor-element elementor-element-7fc4f58\" data-id=\"7fc4f58\" data-element_type=\"column\">\n\t\t\t<div class=\"elementor-widget-wrap elementor-element-populated\">\n\t\t\t\t\t\t<div class=\"elementor-element elementor-element-3e97b15 elementor-widget elementor-widget-rs-heading\" data-id=\"3e97b15\" data-element_type=\"widget\" data-widget_type=\"rs-heading.default\">\n\t\t\t\t<div class=\"elementor-widget-container\">\n\t\t\t\n        <div class=\"prelements-heading style4 animate- center\">\n\n\n\n        \t<div class=\"title-inner\">        \t\t      \t\t\n\t            <h1 class=\"title\"><span class=\"watermark\"><\/span>Pr\u00e9sentation<\/h1>\t\t\t\t\n\t\t\t\t\t        <\/div>\n\t                <\/div>\n        \t\t<\/div>\n\t\t\t\t<\/div>\n\t\t\t\t<div class=\"elementor-element elementor-element-b0aa493 elementor-widget elementor-widget-rs-breadcrumb\" data-id=\"b0aa493\" data-element_type=\"widget\" data-widget_type=\"rs-breadcrumb.default\">\n\t\t\t\t<div class=\"elementor-widget-container\">\n\t\t\t                    <div class=\"breadcrumb-area style3\"> \n                <div class=\"breadcrumbs-inner\"> <!-- Breadcrumb NavXT 7.3.1 -->\n<span property=\"itemListElement\" typeof=\"ListItem\"><a property=\"item\" typeof=\"WebPage\" title=\"Aller \u00e0 SWITCH ELECTRIC.\" href=\"https:\/\/biofood-dz.com\/switchelectric\" class=\"home\" ><span property=\"name\">SWITCH ELECTRIC<\/span><\/a><meta property=\"position\" content=\"1\"><\/span> &gt; <span property=\"itemListElement\" typeof=\"ListItem\"><a property=\"item\" typeof=\"WebPage\" title=\"Aller \u00e0 Blog.\" href=\"https:\/\/biofood-dz.com\/switchelectric\/blog\/\" class=\"post-root post post-post\" aria-current=\"page\"><span property=\"name\">Blog<\/span><\/a><meta property=\"position\" content=\"2\"><\/span><\/div>\n            <\/div> \n          \n    \t\t<\/div>\n\t\t\t\t<\/div>\n\t\t\t\t\t<\/div>\n\t\t<\/div>\n\t\t\t\t<div class=\"elementor-column elementor-col-33 elementor-top-column elementor-element elementor-element-7112f06 elementor-hidden-mobile\" data-id=\"7112f06\" data-element_type=\"column\">\n\t\t\t<div class=\"elementor-widget-wrap\">\n\t\t\t\t\t\t\t<\/div>\n\t\t<\/div>\n\t\t\t\t\t<\/div>\n\t\t<\/section>\n\t\t\t\t<section class=\"elementor-section elementor-top-section elementor-element elementor-element-99faa50 elementor-section-stretched elementor-section-boxed elementor-section-height-default elementor-section-height-default\" data-id=\"99faa50\" data-element_type=\"section\" data-settings=\"{&quot;stretch_section&quot;:&quot;section-stretched&quot;,&quot;background_background&quot;:&quot;classic&quot;}\">\n\t\t\t\t\t\t<div class=\"elementor-container elementor-column-gap-default\">\n\t\t\t\t\t<div class=\"elementor-column elementor-col-50 elementor-top-column elementor-element elementor-element-07dd76a elementor-invisible\" data-id=\"07dd76a\" data-element_type=\"column\" data-settings=\"{&quot;animation&quot;:&quot;fadeInUp&quot;}\">\n\t\t\t<div class=\"elementor-widget-wrap elementor-element-populated\">\n\t\t\t\t\t\t<div class=\"elementor-element elementor-element-fdeef0c elementor-widget elementor-widget-image\" data-id=\"fdeef0c\" data-element_type=\"widget\" data-widget_type=\"image.default\">\n\t\t\t\t<div class=\"elementor-widget-container\">\n\t\t\t<style>\/*! elementor - v3.23.0 - 05-08-2024 *\/\n.elementor-widget-image{text-align:center}.elementor-widget-image a{display:inline-block}.elementor-widget-image a img[src$=\".svg\"]{width:48px}.elementor-widget-image img{vertical-align:middle;display:inline-block}<\/style>\t\t\t\t\t\t\t\t\t\t<img fetchpriority=\"high\" decoding=\"async\" width=\"741\" height=\"1080\" src=\"https:\/\/biofood-dz.com\/switchelectric\/wp-content\/uploads\/2024\/09\/about-about-1.png\" class=\"attachment-full size-full wp-image-19400\" alt=\"\" srcset=\"https:\/\/biofood-dz.com\/switchelectric\/wp-content\/uploads\/2024\/09\/about-about-1.png 741w, https:\/\/biofood-dz.com\/switchelectric\/wp-content\/uploads\/2024\/09\/about-about-1-206x300.png 206w, https:\/\/biofood-dz.com\/switchelectric\/wp-content\/uploads\/2024\/09\/about-about-1-703x1024.png 703w, https:\/\/biofood-dz.com\/switchelectric\/wp-content\/uploads\/2024\/09\/about-about-1-600x874.png 600w\" sizes=\"(max-width: 741px) 100vw, 741px\" \/>\t\t\t\t\t\t\t\t\t\t\t\t\t<\/div>\n\t\t\t\t<\/div>\n\t\t\t\t\t<\/div>\n\t\t<\/div>\n\t\t\t\t<div class=\"elementor-column elementor-col-50 elementor-top-column elementor-element elementor-element-94d07ed elementor-invisible\" data-id=\"94d07ed\" data-element_type=\"column\" data-settings=\"{&quot;animation&quot;:&quot;fadeInRight&quot;}\">\n\t\t\t<div class=\"elementor-widget-wrap elementor-element-populated\">\n\t\t\t\t\t\t<div class=\"elementor-element elementor-element-2580b49 elementor-widget elementor-widget-rs-heading\" data-id=\"2580b49\" data-element_type=\"widget\" data-widget_type=\"rs-heading.default\">\n\t\t\t\t<div class=\"elementor-widget-container\">\n\t\t\t\n        <div class=\"prelements-heading style9 animate- \">\n\n\n\n        \t<div class=\"title-inner\">        \t\t      \t\t\n\t             <img decoding=\"async\" src=\"https:\/\/rstheme.com\/products\/wordpress\/konstruk\/wp-content\/uploads\/2022\/03\/shape_1.png\" alt=\"icon\"><span class=\"sub-text \">Qui Sommes Nous<\/span><h2 class=\"title\"><span class=\"watermark\"><\/span>SWITSH ELECTRIC\n<\/h2>\t\t\t\t\n\t\t\t\t\t        <\/div>\n\t                    \t<div class=\"description\">\n            \t\t            \t\t<p>Cr\u00e9\u00e9 en 2009, SWITSH ELECTRIC est une soci\u00e9t\u00e9 alg\u00e9rienne au service des entreprises du secteur de l\u2019\u00e9nergie, sp\u00e9cialis\u00e9e dans la distribution et l\u2019installation des \u00e9quipements \u00e9lectrique, vente de tous types des \u00e9quipements reli\u00e9s au domaine de l\u2019\u00e9nergie et la maintenance industrielle.<\/p>  \n            \t<\/div>\n        \t        <\/div>\n        \t\t<\/div>\n\t\t\t\t<\/div>\n\t\t\t\t<div class=\"elementor-element elementor-element-2235f1d elementor-widget elementor-widget-rs-heading\" data-id=\"2235f1d\" data-element_type=\"widget\" data-widget_type=\"rs-heading.default\">\n\t\t\t\t<div class=\"elementor-widget-container\">\n\t\t\t\n        <div class=\"prelements-heading default animate-default left\">\n\n\n\n        \t<div class=\"title-inner\">        \t\t      \t\t\n\t            <h2 class=\"title\"><span class=\"watermark\"><\/span>\n<\/h2>\t\t\t\t\n\t\t\t\t\t        <\/div>\n\t                    \t<div class=\"description\">\n            \t\t            \t\t<p>D\u00e9couvrez notre showroom \u00e0 El Oued, o\u00f9 nous proposons une large gamme d'\u00e9quipements \u00e9lectriques pour faciliter la r\u00e9alisation de votre installation. SWITSH ELECTRIC vous offre une vari\u00e9t\u00e9 de produits tels que des c\u00e2bles, des tableaux \u00e9lectriques, des disjoncteurs, des interrupteurs, de l'\u00e9clairage pour b\u00e2timents et espaces publics, des transformateurs, ainsi que divers autres instruments \u00e9lectriques et industriels. Nous mettons en avant des marques de qualit\u00e9 renomm\u00e9es pour r\u00e9pondre \u00e0 tous vos besoins en mat\u00e9riel \u00e9lectrique,<\/p>  \n            \t<\/div>\n        \t        <\/div>\n        \t\t<\/div>\n\t\t\t\t<\/div>\n\t\t\t\t<div class=\"elementor-element elementor-element-9665063 elementor-widget elementor-widget-rs-heading\" data-id=\"9665063\" data-element_type=\"widget\" data-widget_type=\"rs-heading.default\">\n\t\t\t\t<div class=\"elementor-widget-container\">\n\t\t\t\n        <div class=\"prelements-heading style4 animate-default \">\n\n\n\n        \t<div class=\"title-inner\">        \t\t      \t\t\n\t            <h4 class=\"title\"><span class=\"watermark\"><\/span>Pr\u00e8s de 13 ans d\u2019exp\u00e9rience \n<\/h4>\t\t\t\t\n\t\t\t\t\t        <\/div>\n\t                    \t<div class=\"description\">\n            \t\t            \t\t<p>Forte d\u2019une longue exp\u00e9rience sur le terrain, SWITSH ELECTRIC a<br \/>\u00e9galement construit un r\u00e9seau d\u2019experts dans le domaine, pouvant<br \/>intervenir sur des missions sp\u00e9cifiques \u00e0 la demande de ses clients.<\/p>  \n            \t<\/div>\n        \t        <\/div>\n        \t\t<\/div>\n\t\t\t\t<\/div>\n\t\t\t\t\t<\/div>\n\t\t<\/div>\n\t\t\t\t\t<\/div>\n\t\t<\/section>\n\t\t\t\t<section class=\"elementor-section elementor-top-section elementor-element elementor-element-23229b4 elementor-reverse-tablet elementor-reverse-mobile elementor-section-content-middle elementor-section-stretched elementor-section-boxed elementor-section-height-default elementor-section-height-default\" data-id=\"23229b4\" data-element_type=\"section\" data-settings=\"{&quot;background_background&quot;:&quot;classic&quot;,&quot;stretch_section&quot;:&quot;section-stretched&quot;}\">\n\t\t\t\t\t\t\t<div class=\"elementor-background-overlay\"><\/div>\n\t\t\t\t\t\t\t<div class=\"elementor-container elementor-column-gap-default\">\n\t\t\t\t\t<div class=\"elementor-column elementor-col-100 elementor-top-column elementor-element elementor-element-58325cc\" data-id=\"58325cc\" data-element_type=\"column\">\n\t\t\t<div class=\"elementor-widget-wrap elementor-element-populated\">\n\t\t\t\t\t\t<div class=\"elementor-element elementor-element-4c810d9 elementor-invisible elementor-widget elementor-widget-rs-heading\" data-id=\"4c810d9\" data-element_type=\"widget\" data-settings=\"{&quot;_animation&quot;:&quot;fadeInUp&quot;}\" data-widget_type=\"rs-heading.default\">\n\t\t\t\t<div class=\"elementor-widget-container\">\n\t\t\t\n        <div class=\"prelements-heading style4 animate-default center\">\n\n\n\n        \t<div class=\"title-inner\">        \t\t      \t\t\n\t            <h4 class=\"title\"><span class=\"watermark\"><\/span>NOS VALEURS\n<\/h4>\t\t\t\t\n\t\t\t\t\t        <\/div>\n\t                    \t<div class=\"description\">\n            \t\t            \t\t<p>La direction de la soci\u00e9t\u00e9 SWITSH ELECTRIC v\u00e9hicule des valeurs fortes. Elle a \u00e0 c\u0153ur d\u2019\u00eatre toujours en alerte sur sa capacit\u00e9 de s\u2019adapter aux changements du march\u00e9. Aussi, elle demande \u00e0 ses collaborateurs d\u2019agir comme des acteurs responsables.<\/p>  \n            \t<\/div>\n        \t        <\/div>\n        \t\t<\/div>\n\t\t\t\t<\/div>\n\t\t<div class=\"elementor-element elementor-element-44f93ac e-grid e-con-boxed e-con e-parent\" data-id=\"44f93ac\" data-element_type=\"container\">\n\t\t\t\t\t<div class=\"e-con-inner\">\n\t\t\t\t<div class=\"elementor-element elementor-element-5d76720 elementor-invisible elementor-widget elementor-widget-text-editor\" data-id=\"5d76720\" data-element_type=\"widget\" data-settings=\"{&quot;_animation&quot;:&quot;fadeInUp&quot;,&quot;_animation_delay&quot;:500}\" data-widget_type=\"text-editor.default\">\n\t\t\t\t<div class=\"elementor-widget-container\">\n\t\t\t<style>\/*! elementor - v3.23.0 - 05-08-2024 *\/\n.elementor-widget-text-editor.elementor-drop-cap-view-stacked .elementor-drop-cap{background-color:#69727d;color:#fff}.elementor-widget-text-editor.elementor-drop-cap-view-framed .elementor-drop-cap{color:#69727d;border:3px solid;background-color:transparent}.elementor-widget-text-editor:not(.elementor-drop-cap-view-default) .elementor-drop-cap{margin-top:8px}.elementor-widget-text-editor:not(.elementor-drop-cap-view-default) .elementor-drop-cap-letter{width:1em;height:1em}.elementor-widget-text-editor .elementor-drop-cap{float:left;text-align:center;line-height:1;font-size:50px}.elementor-widget-text-editor .elementor-drop-cap-letter{display:inline-block}<\/style>\t\t\t\t<p style=\"text-align: center;\"><strong style=\"font-size: 1.3em; text-transform: uppercase; color: #f86422;\">Satisfaire nos clients<br \/><\/strong>Nous pla\u00e7ons la satisfaction de nos clients au c\u0153ur de nos priorit\u00e9s. Chaque projet est abord\u00e9 avec un engagement total pour fournir des solutions adapt\u00e9es et un service de qualit\u00e9.<\/p>\t\t\t\t\t\t<\/div>\n\t\t\t\t<\/div>\n\t\t\t\t<div class=\"elementor-element elementor-element-eb6844c elementor-invisible elementor-widget elementor-widget-text-editor\" data-id=\"eb6844c\" data-element_type=\"widget\" data-settings=\"{&quot;_animation&quot;:&quot;fadeInUp&quot;,&quot;_animation_delay&quot;:1000}\" data-widget_type=\"text-editor.default\">\n\t\t\t\t<div class=\"elementor-widget-container\">\n\t\t\t\t\t\t\t<p style=\"text-align: center;\"><strong style=\"font-size: 1.3em; text-transform: uppercase; color: #f86422;\">Respecter les engagements\n<\/strong>Nous tenons nos promesses. Chaque mission est men\u00e9e avec professionnalisme, en respectant les d\u00e9lais et les attentes fix\u00e9es, pour garantir des r\u00e9sultats \u00e0 la hauteur des exigences.<\/p>\t\t\t\t\t\t<\/div>\n\t\t\t\t<\/div>\n\t\t\t\t<div class=\"elementor-element elementor-element-7c22da0 elementor-invisible elementor-widget elementor-widget-text-editor\" data-id=\"7c22da0\" data-element_type=\"widget\" data-settings=\"{&quot;_animation&quot;:&quot;fadeInUp&quot;,&quot;_animation_delay&quot;:1500}\" data-widget_type=\"text-editor.default\">\n\t\t\t\t<div class=\"elementor-widget-container\">\n\t\t\t\t\t\t\t<p style=\"text-align: center;\"><strong style=\"font-size: 1.3em; text-transform: uppercase; color: #f86422;\">Mesurer les r\u00e9sultats<br \/><\/strong>Chez SWITSH ELECTRIC, nous croyons en l&#8217;importance de la performance. Chaque r\u00e9alisation est \u00e9valu\u00e9e pour assurer que nos solutions r\u00e9pondent aux standards de qualit\u00e9 et d\u2019efficacit\u00e9.<\/p>\t\t\t\t\t\t<\/div>\n\t\t\t\t<\/div>\n\t\t\t\t\t<\/div>\n\t\t\t\t<\/div>\n\t\t\t\t\t<\/div>\n\t\t<\/div>\n\t\t\t\t\t<\/div>\n\t\t<\/section>\n\t\t\t\t<section class=\"elementor-section elementor-top-section elementor-element elementor-element-2a67ebe elementor-section-stretched elementor-section-content-middle elementor-section-full_width partenaires elementor-section-height-default elementor-section-height-default\" data-id=\"2a67ebe\" data-element_type=\"section\" data-settings=\"{&quot;stretch_section&quot;:&quot;section-stretched&quot;,&quot;background_background&quot;:&quot;classic&quot;}\">\n\t\t\t\t\t\t\t<div class=\"elementor-background-overlay\"><\/div>\n\t\t\t\t\t\t\t<div class=\"elementor-container elementor-column-gap-default\">\n\t\t\t\t\t<div class=\"elementor-column elementor-col-100 elementor-top-column elementor-element elementor-element-56625a1 elementor-hidden-tablet elementor-hidden-mobile\" data-id=\"56625a1\" data-element_type=\"column\">\n\t\t\t<div class=\"elementor-widget-wrap elementor-element-populated\">\n\t\t\t\t\t\t<div class=\"elementor-element elementor-element-a4395d1 elementor-invisible elementor-widget elementor-widget-rs-heading\" data-id=\"a4395d1\" data-element_type=\"widget\" data-settings=\"{&quot;_animation&quot;:&quot;fadeInUp&quot;}\" data-widget_type=\"rs-heading.default\">\n\t\t\t\t<div class=\"elementor-widget-container\">\n\t\t\t\n        <div class=\"prelements-heading default animate- center\">\n\n\n\n        \t<div class=\"title-inner\">        \t\t      \t\t\n\t            <span class=\"sub-text \">D\u00e9couvrez<\/span><h2 class=\"title\"><span class=\"watermark\"><\/span>NOS PARTENAIRES<\/h2>\t\t\t\t\n\t\t\t\t\t        <\/div>\n\t                    \t<div class=\"description\">\n            \t\t            \t\t<p>Leverage agile frameworks to provide a robust synopsis for high level overviews. Iterative approaches to corporate strategy foster collaborative thinking<\/p>  \n            \t<\/div>\n        \t        <\/div>\n        \t\t<\/div>\n\t\t\t\t<\/div>\n\t\t\t\t\t<\/div>\n\t\t<\/div>\n\t\t\t\t\t<\/div>\n\t\t<\/section>\n\t\t<div class=\"elementor-element elementor-element-f098bc8 brand e-flex e-con-boxed e-con e-parent\" data-id=\"f098bc8\" data-element_type=\"container\">\n\t\t\t\t\t<div class=\"e-con-inner\">\n\t\t\t\t<div class=\"elementor-element elementor-element-2642f32 brand-carrousel elementor-arrows-position-inside elementor-widget elementor-widget-image-carousel\" data-id=\"2642f32\" data-element_type=\"widget\" data-settings=\"{&quot;slides_to_show&quot;:&quot;4&quot;,&quot;navigation&quot;:&quot;arrows&quot;,&quot;autoplay&quot;:&quot;yes&quot;,&quot;pause_on_hover&quot;:&quot;yes&quot;,&quot;pause_on_interaction&quot;:&quot;yes&quot;,&quot;autoplay_speed&quot;:5000,&quot;infinite&quot;:&quot;yes&quot;,&quot;speed&quot;:500,&quot;image_spacing_custom&quot;:{&quot;unit&quot;:&quot;px&quot;,&quot;size&quot;:20,&quot;sizes&quot;:[]},&quot;image_spacing_custom_tablet&quot;:{&quot;unit&quot;:&quot;px&quot;,&quot;size&quot;:&quot;&quot;,&quot;sizes&quot;:[]},&quot;image_spacing_custom_mobile&quot;:{&quot;unit&quot;:&quot;px&quot;,&quot;size&quot;:&quot;&quot;,&quot;sizes&quot;:[]}}\" data-widget_type=\"image-carousel.default\">\n\t\t\t\t<div class=\"elementor-widget-container\">\n\t\t\t<style>\/*! elementor - v3.23.0 - 05-08-2024 *\/\n.elementor-widget-image-carousel .swiper,.elementor-widget-image-carousel .swiper-container{position:static}.elementor-widget-image-carousel .swiper-container .swiper-slide figure,.elementor-widget-image-carousel .swiper .swiper-slide figure{line-height:inherit}.elementor-widget-image-carousel .swiper-slide{text-align:center}.elementor-image-carousel-wrapper:not(.swiper-container-initialized):not(.swiper-initialized) .swiper-slide{max-width:calc(100% \/ var(--e-image-carousel-slides-to-show, 3))}<\/style>\t\t<div class=\"elementor-image-carousel-wrapper swiper\" dir=\"ltr\">\n\t\t\t<div class=\"elementor-image-carousel swiper-wrapper\" aria-live=\"off\">\n\t\t\t\t\t\t\t\t<div class=\"swiper-slide\" role=\"group\" aria-roledescription=\"slide\" aria-label=\"1 sur 14\"><figure class=\"swiper-slide-inner\"><img decoding=\"async\" class=\"swiper-slide-image\" src=\"https:\/\/biofood-dz.com\/switchelectric\/wp-content\/uploads\/2024\/09\/logo-11.png\" alt=\"logo-11\" \/><\/figure><\/div><div class=\"swiper-slide\" role=\"group\" aria-roledescription=\"slide\" aria-label=\"2 sur 14\"><figure class=\"swiper-slide-inner\"><img decoding=\"async\" class=\"swiper-slide-image\" src=\"https:\/\/biofood-dz.com\/switchelectric\/wp-content\/uploads\/2024\/09\/logo-1.png\" alt=\"logo-1\" \/><\/figure><\/div><div class=\"swiper-slide\" role=\"group\" aria-roledescription=\"slide\" aria-label=\"3 sur 14\"><figure class=\"swiper-slide-inner\"><img decoding=\"async\" class=\"swiper-slide-image\" src=\"https:\/\/biofood-dz.com\/switchelectric\/wp-content\/uploads\/2024\/09\/logo-2.png\" alt=\"logo-2\" \/><\/figure><\/div><div class=\"swiper-slide\" role=\"group\" aria-roledescription=\"slide\" aria-label=\"4 sur 14\"><figure class=\"swiper-slide-inner\"><img decoding=\"async\" class=\"swiper-slide-image\" src=\"https:\/\/biofood-dz.com\/switchelectric\/wp-content\/uploads\/2024\/09\/logo-4.jpg\" alt=\"logo-4\" \/><\/figure><\/div><div class=\"swiper-slide\" role=\"group\" aria-roledescription=\"slide\" aria-label=\"5 sur 14\"><figure class=\"swiper-slide-inner\"><img decoding=\"async\" class=\"swiper-slide-image\" src=\"https:\/\/biofood-dz.com\/switchelectric\/wp-content\/uploads\/2024\/09\/logo-5.png\" alt=\"logo-5\" \/><\/figure><\/div><div class=\"swiper-slide\" role=\"group\" aria-roledescription=\"slide\" aria-label=\"6 sur 14\"><figure class=\"swiper-slide-inner\"><img decoding=\"async\" class=\"swiper-slide-image\" src=\"https:\/\/biofood-dz.com\/switchelectric\/wp-content\/uploads\/2024\/09\/logo-7.png\" alt=\"logo-7\" \/><\/figure><\/div><div class=\"swiper-slide\" role=\"group\" aria-roledescription=\"slide\" aria-label=\"7 sur 14\"><figure class=\"swiper-slide-inner\"><img decoding=\"async\" class=\"swiper-slide-image\" src=\"https:\/\/biofood-dz.com\/switchelectric\/wp-content\/uploads\/2024\/09\/logo-8-e1726317783407.png\" alt=\"logo-8\" \/><\/figure><\/div><div class=\"swiper-slide\" role=\"group\" aria-roledescription=\"slide\" aria-label=\"8 sur 14\"><figure class=\"swiper-slide-inner\"><img decoding=\"async\" class=\"swiper-slide-image\" src=\"https:\/\/biofood-dz.com\/switchelectric\/wp-content\/uploads\/2024\/09\/logo-9.png\" alt=\"logo-9\" \/><\/figure><\/div><div class=\"swiper-slide\" role=\"group\" aria-roledescription=\"slide\" aria-label=\"9 sur 14\"><figure class=\"swiper-slide-inner\"><img decoding=\"async\" class=\"swiper-slide-image\" src=\"https:\/\/biofood-dz.com\/switchelectric\/wp-content\/uploads\/2024\/09\/logo-10.png\" alt=\"logo-10\" \/><\/figure><\/div><div class=\"swiper-slide\" role=\"group\" aria-roledescription=\"slide\" aria-label=\"10 sur 14\"><figure class=\"swiper-slide-inner\"><img decoding=\"async\" class=\"swiper-slide-image\" src=\"https:\/\/biofood-dz.com\/switchelectric\/wp-content\/uploads\/2024\/10\/welmax.png\" alt=\"welmax\" \/><\/figure><\/div><div class=\"swiper-slide\" role=\"group\" aria-roledescription=\"slide\" aria-label=\"11 sur 14\"><figure class=\"swiper-slide-inner\"><img decoding=\"async\" class=\"swiper-slide-image\" src=\"https:\/\/biofood-dz.com\/switchelectric\/wp-content\/uploads\/2024\/10\/sacem-1.jpeg\" alt=\"sacem\" \/><\/figure><\/div><div class=\"swiper-slide\" role=\"group\" aria-roledescription=\"slide\" aria-label=\"12 sur 14\"><figure class=\"swiper-slide-inner\"><img decoding=\"async\" class=\"swiper-slide-image\" src=\"https:\/\/biofood-dz.com\/switchelectric\/wp-content\/uploads\/2024\/10\/elcon.png\" alt=\"elcon\" \/><\/figure><\/div><div class=\"swiper-slide\" role=\"group\" aria-roledescription=\"slide\" aria-label=\"13 sur 14\"><figure class=\"swiper-slide-inner\"><img decoding=\"async\" class=\"swiper-slide-image\" src=\"https:\/\/biofood-dz.com\/switchelectric\/wp-content\/uploads\/2024\/10\/italweber.png\" alt=\"italweber\" \/><\/figure><\/div><div class=\"swiper-slide\" role=\"group\" aria-roledescription=\"slide\" aria-label=\"14 sur 14\"><figure class=\"swiper-slide-inner\"><img decoding=\"async\" class=\"swiper-slide-image\" src=\"https:\/\/biofood-dz.com\/switchelectric\/wp-content\/uploads\/2024\/10\/euromed.jpeg\" alt=\"euromed\" \/><\/figure><\/div>\t\t\t<\/div>\n\t\t\t\t\t\t\t\t\t\t\t\t<div class=\"elementor-swiper-button elementor-swiper-button-prev\" role=\"button\" tabindex=\"0\">\n\t\t\t\t\t\t<svg aria-hidden=\"true\" class=\"e-font-icon-svg e-eicon-chevron-left\" viewBox=\"0 0 1000 1000\" xmlns=\"http:\/\/www.w3.org\/2000\/svg\"><path d=\"M646 125C629 125 613 133 604 142L308 442C296 454 292 471 292 487 292 504 296 521 308 533L604 854C617 867 629 875 646 875 663 875 679 871 692 858 704 846 713 829 713 812 713 796 708 779 692 767L438 487 692 225C700 217 708 204 708 187 708 171 704 154 692 142 675 129 663 125 646 125Z\"><\/path><\/svg>\t\t\t\t\t<\/div>\n\t\t\t\t\t<div class=\"elementor-swiper-button elementor-swiper-button-next\" role=\"button\" tabindex=\"0\">\n\t\t\t\t\t\t<svg aria-hidden=\"true\" class=\"e-font-icon-svg e-eicon-chevron-right\" viewBox=\"0 0 1000 1000\" xmlns=\"http:\/\/www.w3.org\/2000\/svg\"><path d=\"M696 533C708 521 713 504 713 487 713 471 708 454 696 446L400 146C388 133 375 125 354 125 338 125 325 129 313 142 300 154 292 171 292 187 292 204 296 221 308 233L563 492 304 771C292 783 288 800 288 817 288 833 296 850 308 863 321 871 338 875 354 875 371 875 388 867 400 854L696 533Z\"><\/path><\/svg>\t\t\t\t\t<\/div>\n\t\t\t\t\n\t\t\t\t\t\t\t\t\t<\/div>\n\t\t\t\t<\/div>\n\t\t\t\t<\/div>\n\t\t\t\t\t<\/div>\n\t\t\t\t<\/div>\n\t\t\t\t<\/div>\n\t\t","protected":false},"excerpt":{"rendered":"<p>Pr\u00e9sentation SWITCH ELECTRIC &gt; Blog Qui Sommes Nous SWITSH ELECTRIC Cr\u00e9\u00e9 en 2009, SWITSH ELECTRIC est une soci\u00e9t\u00e9 alg\u00e9rienne au service des entreprises du secteur de l\u2019\u00e9nergie, sp\u00e9cialis\u00e9e dans la distribution et l\u2019installation des \u00e9quipements \u00e9lectrique, vente de tous types des \u00e9quipements reli\u00e9s au domaine de l\u2019\u00e9nergie et la maintenance industrielle. D\u00e9couvrez notre showroom \u00e0&#8230;<\/p>\n","protected":false},"author":1,"featured_media":0,"parent":0,"menu_order":0,"comment_status":"closed","ping_status":"closed","template":"","meta":{"_monsterinsights_skip_tracking":false,"_monsterinsights_sitenote_active":false,"_monsterinsights_sitenote_note":"","_monsterinsights_sitenote_category":0,"footnotes":""},"class_list":["post-3573","page","type-page","status-publish","hentry"],"aioseo_notices":[],"_links":{"self":[{"href":"https:\/\/biofood-dz.com\/switchelectric\/wp-json\/wp\/v2\/pages\/3573","targetHints":{"allow":["GET"]}}],"collection":[{"href":"https:\/\/biofood-dz.com\/switchelectric\/wp-json\/wp\/v2\/pages"}],"about":[{"href":"https:\/\/biofood-dz.com\/switchelectric\/wp-json\/wp\/v2\/types\/page"}],"author":[{"embeddable":true,"href":"https:\/\/biofood-dz.com\/switchelectric\/wp-json\/wp\/v2\/users\/1"}],"replies":[{"embeddable":true,"href":"https:\/\/biofood-dz.com\/switchelectric\/wp-json\/wp\/v2\/comments?post=3573"}],"version-history":[{"count":107,"href":"https:\/\/biofood-dz.com\/switchelectric\/wp-json\/wp\/v2\/pages\/3573\/revisions"}],"predecessor-version":[{"id":19665,"href":"https:\/\/biofood-dz.com\/switchelectric\/wp-json\/wp\/v2\/pages\/3573\/revisions\/19665"}],"wp:attachment":[{"href":"https:\/\/biofood-dz.com\/switchelectric\/wp-json\/wp\/v2\/media?parent=3573"}],"curies":[{"name":"wp","href":"https:\/\/api.w.org\/{rel}","templated":true}]}}