{"id":19552,"date":"2024-09-25T08:48:57","date_gmt":"2024-09-25T08:48:57","guid":{"rendered":"https:\/\/biofood-dz.com\/switchelectric\/?page_id=19552"},"modified":"2024-09-25T10:09:41","modified_gmt":"2024-09-25T10:09:41","slug":"fourniture-doutillage-et-piece-de-rechange-industrielle","status":"publish","type":"page","link":"https:\/\/biofood-dz.com\/switchelectric\/fourniture-doutillage-et-piece-de-rechange-industrielle\/","title":{"rendered":"Fourniture d&#8217;outillage et pi\u00e8ce de rechange industrielle"},"content":{"rendered":"\t\t<div data-elementor-type=\"wp-page\" data-elementor-id=\"19552\" class=\"elementor elementor-19552\">\n\t\t\t\t\t\t<section class=\"elementor-section elementor-top-section elementor-element elementor-element-5525da6 elementor-section-stretched elementor-section-boxed elementor-section-height-default elementor-section-height-default\" data-id=\"5525da6\" data-element_type=\"section\" data-settings=\"{&quot;stretch_section&quot;:&quot;section-stretched&quot;,&quot;background_background&quot;:&quot;classic&quot;}\">\n\t\t\t\t\t\t\t<div class=\"elementor-background-overlay\"><\/div>\n\t\t\t\t\t\t\t<div class=\"elementor-container elementor-column-gap-default\">\n\t\t\t\t\t<div class=\"elementor-column elementor-col-33 elementor-top-column elementor-element elementor-element-ee264f1 elementor-hidden-mobile\" data-id=\"ee264f1\" data-element_type=\"column\">\n\t\t\t<div class=\"elementor-widget-wrap\">\n\t\t\t\t\t\t\t<\/div>\n\t\t<\/div>\n\t\t\t\t<div class=\"elementor-column elementor-col-33 elementor-top-column elementor-element elementor-element-7fc4f58\" data-id=\"7fc4f58\" data-element_type=\"column\">\n\t\t\t<div class=\"elementor-widget-wrap elementor-element-populated\">\n\t\t\t\t\t\t<div class=\"elementor-element elementor-element-3e97b15 elementor-widget elementor-widget-rs-heading\" data-id=\"3e97b15\" data-element_type=\"widget\" data-widget_type=\"rs-heading.default\">\n\t\t\t\t<div class=\"elementor-widget-container\">\n\t\t\t\n        <div class=\"prelements-heading style4 animate- center\">\n\n\n\n        \t<div class=\"title-inner\">        \t\t      \t\t\n\t            <h1 class=\"title\"><span class=\"watermark\"><\/span>Fourniture d'outillage et pi\u00e8ce de rechange industrielle<\/h1>\t\t\t\t\n\t\t\t\t\t        <\/div>\n\t                <\/div>\n        \t\t<\/div>\n\t\t\t\t<\/div>\n\t\t\t\t<div class=\"elementor-element elementor-element-b0aa493 elementor-widget elementor-widget-rs-breadcrumb\" data-id=\"b0aa493\" data-element_type=\"widget\" data-widget_type=\"rs-breadcrumb.default\">\n\t\t\t\t<div class=\"elementor-widget-container\">\n\t\t\t                    <div class=\"breadcrumb-area style3\"> \n                <div class=\"breadcrumbs-inner\"> <!-- Breadcrumb NavXT 7.3.1 -->\n<span property=\"itemListElement\" typeof=\"ListItem\"><a property=\"item\" typeof=\"WebPage\" title=\"Aller \u00e0 SWITCH ELECTRIC.\" href=\"https:\/\/biofood-dz.com\/switchelectric\" class=\"home\" ><span property=\"name\">SWITCH ELECTRIC<\/span><\/a><meta property=\"position\" content=\"1\"><\/span> &gt; <span property=\"itemListElement\" typeof=\"ListItem\"><a property=\"item\" typeof=\"WebPage\" title=\"Aller \u00e0 Blog.\" href=\"https:\/\/biofood-dz.com\/switchelectric\/blog\/\" class=\"post-root post post-post\" aria-current=\"page\"><span property=\"name\">Blog<\/span><\/a><meta property=\"position\" content=\"2\"><\/span><\/div>\n            <\/div> \n          \n    \t\t<\/div>\n\t\t\t\t<\/div>\n\t\t\t\t\t<\/div>\n\t\t<\/div>\n\t\t\t\t<div class=\"elementor-column elementor-col-33 elementor-top-column elementor-element elementor-element-7112f06 elementor-hidden-mobile\" data-id=\"7112f06\" data-element_type=\"column\">\n\t\t\t<div class=\"elementor-widget-wrap\">\n\t\t\t\t\t\t\t<\/div>\n\t\t<\/div>\n\t\t\t\t\t<\/div>\n\t\t<\/section>\n\t\t\t\t<section class=\"elementor-section elementor-top-section elementor-element elementor-element-99faa50 elementor-section-stretched elementor-section-boxed elementor-section-height-default elementor-section-height-default\" data-id=\"99faa50\" data-element_type=\"section\" data-settings=\"{&quot;stretch_section&quot;:&quot;section-stretched&quot;,&quot;background_background&quot;:&quot;classic&quot;}\">\n\t\t\t\t\t\t<div class=\"elementor-container elementor-column-gap-default\">\n\t\t\t\t\t<div class=\"elementor-column elementor-col-50 elementor-top-column elementor-element elementor-element-07dd76a elementor-invisible\" data-id=\"07dd76a\" data-element_type=\"column\" data-settings=\"{&quot;animation&quot;:&quot;fadeInUp&quot;}\">\n\t\t\t<div class=\"elementor-widget-wrap elementor-element-populated\">\n\t\t\t\t\t\t<div class=\"elementor-element elementor-element-fdeef0c elementor-widget elementor-widget-image\" data-id=\"fdeef0c\" data-element_type=\"widget\" data-widget_type=\"image.default\">\n\t\t\t\t<div class=\"elementor-widget-container\">\n\t\t\t<style>\/*! elementor - v3.23.0 - 05-08-2024 *\/\n.elementor-widget-image{text-align:center}.elementor-widget-image a{display:inline-block}.elementor-widget-image a img[src$=\".svg\"]{width:48px}.elementor-widget-image img{vertical-align:middle;display:inline-block}<\/style>\t\t\t\t\t\t\t\t\t\t<img fetchpriority=\"high\" decoding=\"async\" width=\"513\" height=\"380\" src=\"https:\/\/biofood-dz.com\/switchelectric\/wp-content\/uploads\/2024\/09\/Transmission-mecanique-1.webp\" class=\"attachment-full size-full wp-image-19571\" alt=\"\" srcset=\"https:\/\/biofood-dz.com\/switchelectric\/wp-content\/uploads\/2024\/09\/Transmission-mecanique-1.webp 513w, https:\/\/biofood-dz.com\/switchelectric\/wp-content\/uploads\/2024\/09\/Transmission-mecanique-1-300x222.webp 300w\" sizes=\"(max-width: 513px) 100vw, 513px\" \/>\t\t\t\t\t\t\t\t\t\t\t\t\t<\/div>\n\t\t\t\t<\/div>\n\t\t\t\t\t<\/div>\n\t\t<\/div>\n\t\t\t\t<div class=\"elementor-column elementor-col-50 elementor-top-column elementor-element elementor-element-94d07ed elementor-invisible\" data-id=\"94d07ed\" data-element_type=\"column\" data-settings=\"{&quot;animation&quot;:&quot;fadeInRight&quot;}\">\n\t\t\t<div class=\"elementor-widget-wrap elementor-element-populated\">\n\t\t\t\t\t\t<div class=\"elementor-element elementor-element-2580b49 elementor-widget elementor-widget-rs-heading\" data-id=\"2580b49\" data-element_type=\"widget\" data-widget_type=\"rs-heading.default\">\n\t\t\t\t<div class=\"elementor-widget-container\">\n\t\t\t\n        <div class=\"prelements-heading style9 animate- \">\n\n\n\n        \t<div class=\"title-inner\">        \t\t      \t\t\n\t             <img decoding=\"async\" src=\"https:\/\/rstheme.com\/products\/wordpress\/konstruk\/wp-content\/uploads\/2022\/03\/shape_1.png\" alt=\"icon\"><h2 class=\"title\"><span class=\"watermark\"><\/span>Fourniture d'outillage et pi\u00e8ce de rechange industrielle\n<\/h2>\t\t\t\t\n\t\t\t\t\t        <\/div>\n\t                    \t<div class=\"description\">\n            \t\t            \t\t<p>Nous proposons \u00e9galement des solutions compl\u00e8tes en mati\u00e8re d'outillage et de pi\u00e8ces de rechange professionnelles. Notre expertise nous permet de r\u00e9pondre aux besoins vari\u00e9s des professionnels, quel que soit leur secteur d'activit\u00e9.<br \/>Nous mettons un point d'honneur \u00e0 offrir des produits de qualit\u00e9 sup\u00e9rieure, con\u00e7us pour garantir efficacit\u00e9 et durabilit\u00e9. Notre \u00e9quipe est d\u00e9di\u00e9e \u00e0 accompagner ses clients dans le choix des meilleures options pour leurs projets, assurant ainsi satisfaction et r\u00e9ussite.<\/p>  \n            \t<\/div>\n        \t        <\/div>\n        \t\t<\/div>\n\t\t\t\t<\/div>\n\t\t\t\t\t<\/div>\n\t\t<\/div>\n\t\t\t\t\t<\/div>\n\t\t<\/section>\n\t\t<div class=\"elementor-element elementor-element-f098bc8 products-section e-flex e-con-boxed e-con e-parent\" data-id=\"f098bc8\" data-element_type=\"container\">\n\t\t\t\t\t<div class=\"e-con-inner\">\n\t\t<div class=\"elementor-element elementor-element-1c73fb0 e-grid e-con-full e-con e-child\" data-id=\"1c73fb0\" data-element_type=\"container\">\n\t\t\t\t<div class=\"elementor-element elementor-element-3601480 elementor-widget elementor-widget-image\" data-id=\"3601480\" data-element_type=\"widget\" data-widget_type=\"image.default\">\n\t\t\t\t<div class=\"elementor-widget-container\">\n\t\t\t\t\t\t\t\t\t\t<figure class=\"wp-caption\">\n\t\t\t\t\t\t\t\t\t\t\t<a href=\"https:\/\/biofood-dz.com\/switchelectric\/wp-content\/uploads\/2024\/09\/vanne-vapeur-1.jpg\" data-elementor-open-lightbox=\"yes\" data-elementor-lightbox-title=\"Vanne\" data-e-action-hash=\"#elementor-action%3Aaction%3Dlightbox%26settings%3DeyJpZCI6MTk1NjAsInVybCI6Imh0dHBzOlwvXC9iaW9mb29kLWR6LmNvbVwvc3dpdGNoZWxlY3RyaWNcL3dwLWNvbnRlbnRcL3VwbG9hZHNcLzIwMjRcLzA5XC92YW5uZS12YXBldXItMS5qcGcifQ%3D%3D\">\n\t\t\t\t\t\t\t<img decoding=\"async\" width=\"640\" height=\"640\" src=\"https:\/\/biofood-dz.com\/switchelectric\/wp-content\/uploads\/2024\/09\/vanne-vapeur-1-1024x1024.jpg\" class=\"attachment-large size-large wp-image-19560\" alt=\"\" srcset=\"https:\/\/biofood-dz.com\/switchelectric\/wp-content\/uploads\/2024\/09\/vanne-vapeur-1-1024x1024.jpg 1024w, https:\/\/biofood-dz.com\/switchelectric\/wp-content\/uploads\/2024\/09\/vanne-vapeur-1-300x300.jpg 300w, https:\/\/biofood-dz.com\/switchelectric\/wp-content\/uploads\/2024\/09\/vanne-vapeur-1-150x150.jpg 150w, https:\/\/biofood-dz.com\/switchelectric\/wp-content\/uploads\/2024\/09\/vanne-vapeur-1-768x768.jpg 768w, https:\/\/biofood-dz.com\/switchelectric\/wp-content\/uploads\/2024\/09\/vanne-vapeur-1-500x500.jpg 500w, https:\/\/biofood-dz.com\/switchelectric\/wp-content\/uploads\/2024\/09\/vanne-vapeur-1-1536x1536.jpg 1536w, https:\/\/biofood-dz.com\/switchelectric\/wp-content\/uploads\/2024\/09\/vanne-vapeur-1-100x100.jpg 100w, https:\/\/biofood-dz.com\/switchelectric\/wp-content\/uploads\/2024\/09\/vanne-vapeur-1-600x600.jpg 600w, https:\/\/biofood-dz.com\/switchelectric\/wp-content\/uploads\/2024\/09\/vanne-vapeur-1.jpg 2000w\" sizes=\"(max-width: 640px) 100vw, 640px\" \/>\t\t\t\t\t\t\t\t<\/a>\n\t\t\t\t\t\t\t\t\t\t\t<figcaption class=\"widget-image-caption wp-caption-text\">Vanne<\/figcaption>\n\t\t\t\t\t\t\t\t\t\t<\/figure>\n\t\t\t\t\t\t\t<\/div>\n\t\t\t\t<\/div>\n\t\t\t\t<div class=\"elementor-element elementor-element-5678c0a elementor-widget elementor-widget-image\" data-id=\"5678c0a\" data-element_type=\"widget\" data-widget_type=\"image.default\">\n\t\t\t\t<div class=\"elementor-widget-container\">\n\t\t\t\t\t\t\t\t\t\t<figure class=\"wp-caption\">\n\t\t\t\t\t\t\t\t\t\t\t<a href=\"https:\/\/biofood-dz.com\/switchelectric\/wp-content\/uploads\/2024\/09\/cat-electrovannes.jpg\" data-elementor-open-lightbox=\"yes\" data-elementor-lightbox-title=\"Electrovanne\" data-e-action-hash=\"#elementor-action%3Aaction%3Dlightbox%26settings%3DeyJpZCI6MTk1NjEsInVybCI6Imh0dHBzOlwvXC9iaW9mb29kLWR6LmNvbVwvc3dpdGNoZWxlY3RyaWNcL3dwLWNvbnRlbnRcL3VwbG9hZHNcLzIwMjRcLzA5XC9jYXQtZWxlY3Ryb3Zhbm5lcy5qcGcifQ%3D%3D\">\n\t\t\t\t\t\t\t<img decoding=\"async\" width=\"640\" height=\"640\" src=\"https:\/\/biofood-dz.com\/switchelectric\/wp-content\/uploads\/2024\/09\/cat-electrovannes-1024x1024.jpg\" class=\"attachment-large size-large wp-image-19561\" alt=\"\" srcset=\"https:\/\/biofood-dz.com\/switchelectric\/wp-content\/uploads\/2024\/09\/cat-electrovannes-1024x1024.jpg 1024w, https:\/\/biofood-dz.com\/switchelectric\/wp-content\/uploads\/2024\/09\/cat-electrovannes-300x300.jpg 300w, https:\/\/biofood-dz.com\/switchelectric\/wp-content\/uploads\/2024\/09\/cat-electrovannes-150x150.jpg 150w, https:\/\/biofood-dz.com\/switchelectric\/wp-content\/uploads\/2024\/09\/cat-electrovannes-768x768.jpg 768w, https:\/\/biofood-dz.com\/switchelectric\/wp-content\/uploads\/2024\/09\/cat-electrovannes-500x500.jpg 500w, https:\/\/biofood-dz.com\/switchelectric\/wp-content\/uploads\/2024\/09\/cat-electrovannes-100x100.jpg 100w, https:\/\/biofood-dz.com\/switchelectric\/wp-content\/uploads\/2024\/09\/cat-electrovannes-600x600.jpg 600w, https:\/\/biofood-dz.com\/switchelectric\/wp-content\/uploads\/2024\/09\/cat-electrovannes.jpg 1080w\" sizes=\"(max-width: 640px) 100vw, 640px\" \/>\t\t\t\t\t\t\t\t<\/a>\n\t\t\t\t\t\t\t\t\t\t\t<figcaption class=\"widget-image-caption wp-caption-text\">Electrovanne<\/figcaption>\n\t\t\t\t\t\t\t\t\t\t<\/figure>\n\t\t\t\t\t\t\t<\/div>\n\t\t\t\t<\/div>\n\t\t\t\t<div class=\"elementor-element elementor-element-b8ac2e6 elementor-widget elementor-widget-image\" data-id=\"b8ac2e6\" data-element_type=\"widget\" data-widget_type=\"image.default\">\n\t\t\t\t<div class=\"elementor-widget-container\">\n\t\t\t\t\t\t\t\t\t\t<figure class=\"wp-caption\">\n\t\t\t\t\t\t\t\t\t\t\t<a href=\"https:\/\/biofood-dz.com\/switchelectric\/wp-content\/uploads\/2024\/09\/raccorderie.jpg\" data-elementor-open-lightbox=\"yes\" data-elementor-lightbox-title=\"Raccorderie\" data-e-action-hash=\"#elementor-action%3Aaction%3Dlightbox%26settings%3DeyJpZCI6MTk1NjIsInVybCI6Imh0dHBzOlwvXC9iaW9mb29kLWR6LmNvbVwvc3dpdGNoZWxlY3RyaWNcL3dwLWNvbnRlbnRcL3VwbG9hZHNcLzIwMjRcLzA5XC9yYWNjb3JkZXJpZS5qcGcifQ%3D%3D\">\n\t\t\t\t\t\t\t<img loading=\"lazy\" decoding=\"async\" width=\"640\" height=\"404\" src=\"https:\/\/biofood-dz.com\/switchelectric\/wp-content\/uploads\/2024\/09\/raccorderie.jpg\" class=\"attachment-large size-large wp-image-19562\" alt=\"\" srcset=\"https:\/\/biofood-dz.com\/switchelectric\/wp-content\/uploads\/2024\/09\/raccorderie.jpg 950w, https:\/\/biofood-dz.com\/switchelectric\/wp-content\/uploads\/2024\/09\/raccorderie-300x189.jpg 300w, https:\/\/biofood-dz.com\/switchelectric\/wp-content\/uploads\/2024\/09\/raccorderie-768x485.jpg 768w, https:\/\/biofood-dz.com\/switchelectric\/wp-content\/uploads\/2024\/09\/raccorderie-600x379.jpg 600w\" sizes=\"(max-width: 640px) 100vw, 640px\" \/>\t\t\t\t\t\t\t\t<\/a>\n\t\t\t\t\t\t\t\t\t\t\t<figcaption class=\"widget-image-caption wp-caption-text\">Raccorderie<\/figcaption>\n\t\t\t\t\t\t\t\t\t\t<\/figure>\n\t\t\t\t\t\t\t<\/div>\n\t\t\t\t<\/div>\n\t\t\t\t<div class=\"elementor-element elementor-element-f88d0dc elementor-widget elementor-widget-image\" data-id=\"f88d0dc\" data-element_type=\"widget\" data-widget_type=\"image.default\">\n\t\t\t\t<div class=\"elementor-widget-container\">\n\t\t\t\t\t\t\t\t\t\t<figure class=\"wp-caption\">\n\t\t\t\t\t\t\t\t\t\t\t<a href=\"https:\/\/biofood-dz.com\/switchelectric\/wp-content\/uploads\/2024\/09\/Filtre.jpg\" data-elementor-open-lightbox=\"yes\" data-elementor-lightbox-title=\"Filtre\" data-e-action-hash=\"#elementor-action%3Aaction%3Dlightbox%26settings%3DeyJpZCI6MTk1NjMsInVybCI6Imh0dHBzOlwvXC9iaW9mb29kLWR6LmNvbVwvc3dpdGNoZWxlY3RyaWNcL3dwLWNvbnRlbnRcL3VwbG9hZHNcLzIwMjRcLzA5XC9GaWx0cmUuanBnIn0%3D\">\n\t\t\t\t\t\t\t<img loading=\"lazy\" decoding=\"async\" width=\"640\" height=\"640\" src=\"https:\/\/biofood-dz.com\/switchelectric\/wp-content\/uploads\/2024\/09\/Filtre.jpg\" class=\"attachment-large size-large wp-image-19563\" alt=\"\" srcset=\"https:\/\/biofood-dz.com\/switchelectric\/wp-content\/uploads\/2024\/09\/Filtre.jpg 1000w, https:\/\/biofood-dz.com\/switchelectric\/wp-content\/uploads\/2024\/09\/Filtre-300x300.jpg 300w, https:\/\/biofood-dz.com\/switchelectric\/wp-content\/uploads\/2024\/09\/Filtre-150x150.jpg 150w, https:\/\/biofood-dz.com\/switchelectric\/wp-content\/uploads\/2024\/09\/Filtre-768x768.jpg 768w, https:\/\/biofood-dz.com\/switchelectric\/wp-content\/uploads\/2024\/09\/Filtre-500x500.jpg 500w, https:\/\/biofood-dz.com\/switchelectric\/wp-content\/uploads\/2024\/09\/Filtre-100x100.jpg 100w, https:\/\/biofood-dz.com\/switchelectric\/wp-content\/uploads\/2024\/09\/Filtre-600x600.jpg 600w\" sizes=\"(max-width: 640px) 100vw, 640px\" \/>\t\t\t\t\t\t\t\t<\/a>\n\t\t\t\t\t\t\t\t\t\t\t<figcaption class=\"widget-image-caption wp-caption-text\">Filtre<\/figcaption>\n\t\t\t\t\t\t\t\t\t\t<\/figure>\n\t\t\t\t\t\t\t<\/div>\n\t\t\t\t<\/div>\n\t\t\t\t<div class=\"elementor-element elementor-element-11abaa5 elementor-widget elementor-widget-image\" data-id=\"11abaa5\" data-element_type=\"widget\" data-widget_type=\"image.default\">\n\t\t\t\t<div class=\"elementor-widget-container\">\n\t\t\t\t\t\t\t\t\t\t<figure class=\"wp-caption\">\n\t\t\t\t\t\t\t\t\t\t\t<a href=\"https:\/\/biofood-dz.com\/switchelectric\/wp-content\/uploads\/2024\/09\/Joints.jpg\" data-elementor-open-lightbox=\"yes\" data-elementor-lightbox-title=\"Joints\" data-e-action-hash=\"#elementor-action%3Aaction%3Dlightbox%26settings%3DeyJpZCI6MTk1NjQsInVybCI6Imh0dHBzOlwvXC9iaW9mb29kLWR6LmNvbVwvc3dpdGNoZWxlY3RyaWNcL3dwLWNvbnRlbnRcL3VwbG9hZHNcLzIwMjRcLzA5XC9Kb2ludHMuanBnIn0%3D\">\n\t\t\t\t\t\t\t<img loading=\"lazy\" decoding=\"async\" width=\"640\" height=\"427\" src=\"https:\/\/biofood-dz.com\/switchelectric\/wp-content\/uploads\/2024\/09\/Joints-1024x683.jpg\" class=\"attachment-large size-large wp-image-19564\" alt=\"\" srcset=\"https:\/\/biofood-dz.com\/switchelectric\/wp-content\/uploads\/2024\/09\/Joints-1024x683.jpg 1024w, https:\/\/biofood-dz.com\/switchelectric\/wp-content\/uploads\/2024\/09\/Joints-300x200.jpg 300w, https:\/\/biofood-dz.com\/switchelectric\/wp-content\/uploads\/2024\/09\/Joints-768x512.jpg 768w, https:\/\/biofood-dz.com\/switchelectric\/wp-content\/uploads\/2024\/09\/Joints-600x400.jpg 600w, https:\/\/biofood-dz.com\/switchelectric\/wp-content\/uploads\/2024\/09\/Joints.jpg 1080w\" sizes=\"(max-width: 640px) 100vw, 640px\" \/>\t\t\t\t\t\t\t\t<\/a>\n\t\t\t\t\t\t\t\t\t\t\t<figcaption class=\"widget-image-caption wp-caption-text\">Joints<\/figcaption>\n\t\t\t\t\t\t\t\t\t\t<\/figure>\n\t\t\t\t\t\t\t<\/div>\n\t\t\t\t<\/div>\n\t\t\t\t<div class=\"elementor-element elementor-element-75a06e4 elementor-widget elementor-widget-image\" data-id=\"75a06e4\" data-element_type=\"widget\" data-widget_type=\"image.default\">\n\t\t\t\t<div class=\"elementor-widget-container\">\n\t\t\t\t\t\t\t\t\t\t<figure class=\"wp-caption\">\n\t\t\t\t\t\t\t\t\t\t\t<a href=\"https:\/\/biofood-dz.com\/switchelectric\/wp-content\/uploads\/2024\/09\/Appareil-de-mesure-et-de-controle.webp\" data-elementor-open-lightbox=\"yes\" data-elementor-lightbox-title=\"Appareil de mesure et de controle\" data-e-action-hash=\"#elementor-action%3Aaction%3Dlightbox%26settings%3DeyJpZCI6MTk1NjUsInVybCI6Imh0dHBzOlwvXC9iaW9mb29kLWR6LmNvbVwvc3dpdGNoZWxlY3RyaWNcL3dwLWNvbnRlbnRcL3VwbG9hZHNcLzIwMjRcLzA5XC9BcHBhcmVpbC1kZS1tZXN1cmUtZXQtZGUtY29udHJvbGUud2VicCJ9\">\n\t\t\t\t\t\t\t<img loading=\"lazy\" decoding=\"async\" width=\"560\" height=\"373\" src=\"https:\/\/biofood-dz.com\/switchelectric\/wp-content\/uploads\/2024\/09\/Appareil-de-mesure-et-de-controle.webp\" class=\"attachment-large size-large wp-image-19565\" alt=\"\" srcset=\"https:\/\/biofood-dz.com\/switchelectric\/wp-content\/uploads\/2024\/09\/Appareil-de-mesure-et-de-controle.webp 560w, https:\/\/biofood-dz.com\/switchelectric\/wp-content\/uploads\/2024\/09\/Appareil-de-mesure-et-de-controle-300x200.webp 300w\" sizes=\"(max-width: 560px) 100vw, 560px\" \/>\t\t\t\t\t\t\t\t<\/a>\n\t\t\t\t\t\t\t\t\t\t\t<figcaption class=\"widget-image-caption wp-caption-text\">Appareil de mesure et de controle<\/figcaption>\n\t\t\t\t\t\t\t\t\t\t<\/figure>\n\t\t\t\t\t\t\t<\/div>\n\t\t\t\t<\/div>\n\t\t\t\t<div class=\"elementor-element elementor-element-2a5a470 elementor-widget elementor-widget-image\" data-id=\"2a5a470\" data-element_type=\"widget\" data-widget_type=\"image.default\">\n\t\t\t\t<div class=\"elementor-widget-container\">\n\t\t\t\t\t\t\t\t\t\t<figure class=\"wp-caption\">\n\t\t\t\t\t\t\t\t\t\t\t<a href=\"https:\/\/biofood-dz.com\/switchelectric\/wp-content\/uploads\/2024\/09\/Pomp.jpg\" data-elementor-open-lightbox=\"yes\" data-elementor-lightbox-title=\"Pompe\" data-e-action-hash=\"#elementor-action%3Aaction%3Dlightbox%26settings%3DeyJpZCI6MTk1NjYsInVybCI6Imh0dHBzOlwvXC9iaW9mb29kLWR6LmNvbVwvc3dpdGNoZWxlY3RyaWNcL3dwLWNvbnRlbnRcL3VwbG9hZHNcLzIwMjRcLzA5XC9Qb21wLmpwZyJ9\">\n\t\t\t\t\t\t\t<img loading=\"lazy\" decoding=\"async\" width=\"500\" height=\"500\" src=\"https:\/\/biofood-dz.com\/switchelectric\/wp-content\/uploads\/2024\/09\/Pomp.jpg\" class=\"attachment-large size-large wp-image-19566\" alt=\"\" srcset=\"https:\/\/biofood-dz.com\/switchelectric\/wp-content\/uploads\/2024\/09\/Pomp.jpg 500w, https:\/\/biofood-dz.com\/switchelectric\/wp-content\/uploads\/2024\/09\/Pomp-300x300.jpg 300w, https:\/\/biofood-dz.com\/switchelectric\/wp-content\/uploads\/2024\/09\/Pomp-150x150.jpg 150w, https:\/\/biofood-dz.com\/switchelectric\/wp-content\/uploads\/2024\/09\/Pomp-100x100.jpg 100w\" sizes=\"(max-width: 500px) 100vw, 500px\" \/>\t\t\t\t\t\t\t\t<\/a>\n\t\t\t\t\t\t\t\t\t\t\t<figcaption class=\"widget-image-caption wp-caption-text\">Pompe<\/figcaption>\n\t\t\t\t\t\t\t\t\t\t<\/figure>\n\t\t\t\t\t\t\t<\/div>\n\t\t\t\t<\/div>\n\t\t\t\t<div class=\"elementor-element elementor-element-2d09d1c elementor-widget elementor-widget-image\" data-id=\"2d09d1c\" data-element_type=\"widget\" data-widget_type=\"image.default\">\n\t\t\t\t<div class=\"elementor-widget-container\">\n\t\t\t\t\t\t\t\t\t\t<figure class=\"wp-caption\">\n\t\t\t\t\t\t\t\t\t\t\t<a href=\"https:\/\/biofood-dz.com\/switchelectric\/wp-content\/uploads\/2024\/09\/Compresseur.jpg\" data-elementor-open-lightbox=\"yes\" data-elementor-lightbox-title=\"Compresseur\" data-e-action-hash=\"#elementor-action%3Aaction%3Dlightbox%26settings%3DeyJpZCI6MTk1NjcsInVybCI6Imh0dHBzOlwvXC9iaW9mb29kLWR6LmNvbVwvc3dpdGNoZWxlY3RyaWNcL3dwLWNvbnRlbnRcL3VwbG9hZHNcLzIwMjRcLzA5XC9Db21wcmVzc2V1ci5qcGcifQ%3D%3D\">\n\t\t\t\t\t\t\t<img loading=\"lazy\" decoding=\"async\" width=\"521\" height=\"313\" src=\"https:\/\/biofood-dz.com\/switchelectric\/wp-content\/uploads\/2024\/09\/Compresseur.jpg\" class=\"attachment-large size-large wp-image-19567\" alt=\"\" srcset=\"https:\/\/biofood-dz.com\/switchelectric\/wp-content\/uploads\/2024\/09\/Compresseur.jpg 521w, https:\/\/biofood-dz.com\/switchelectric\/wp-content\/uploads\/2024\/09\/Compresseur-300x180.jpg 300w\" sizes=\"(max-width: 521px) 100vw, 521px\" \/>\t\t\t\t\t\t\t\t<\/a>\n\t\t\t\t\t\t\t\t\t\t\t<figcaption class=\"widget-image-caption wp-caption-text\">Compresseur<\/figcaption>\n\t\t\t\t\t\t\t\t\t\t<\/figure>\n\t\t\t\t\t\t\t<\/div>\n\t\t\t\t<\/div>\n\t\t\t\t<div class=\"elementor-element elementor-element-c93ddf8 elementor-widget elementor-widget-image\" data-id=\"c93ddf8\" data-element_type=\"widget\" data-widget_type=\"image.default\">\n\t\t\t\t<div class=\"elementor-widget-container\">\n\t\t\t\t\t\t\t\t\t\t<figure class=\"wp-caption\">\n\t\t\t\t\t\t\t\t\t\t\t<a href=\"https:\/\/biofood-dz.com\/switchelectric\/wp-content\/uploads\/2024\/09\/servante-complete-6-compartiments-170-outils-autobest-2212866.jpg\" data-elementor-open-lightbox=\"yes\" data-elementor-lightbox-title=\"Servante et tiroirs \u00e9quip\u00e9s\" data-e-action-hash=\"#elementor-action%3Aaction%3Dlightbox%26settings%3DeyJpZCI6MTk1NjgsInVybCI6Imh0dHBzOlwvXC9iaW9mb29kLWR6LmNvbVwvc3dpdGNoZWxlY3RyaWNcL3dwLWNvbnRlbnRcL3VwbG9hZHNcLzIwMjRcLzA5XC9zZXJ2YW50ZS1jb21wbGV0ZS02LWNvbXBhcnRpbWVudHMtMTcwLW91dGlscy1hdXRvYmVzdC0yMjEyODY2LmpwZyJ9\">\n\t\t\t\t\t\t\t<img loading=\"lazy\" decoding=\"async\" width=\"640\" height=\"640\" src=\"https:\/\/biofood-dz.com\/switchelectric\/wp-content\/uploads\/2024\/09\/servante-complete-6-compartiments-170-outils-autobest-2212866.jpg\" class=\"attachment-large size-large wp-image-19568\" alt=\"\" srcset=\"https:\/\/biofood-dz.com\/switchelectric\/wp-content\/uploads\/2024\/09\/servante-complete-6-compartiments-170-outils-autobest-2212866.jpg 900w, https:\/\/biofood-dz.com\/switchelectric\/wp-content\/uploads\/2024\/09\/servante-complete-6-compartiments-170-outils-autobest-2212866-300x300.jpg 300w, https:\/\/biofood-dz.com\/switchelectric\/wp-content\/uploads\/2024\/09\/servante-complete-6-compartiments-170-outils-autobest-2212866-150x150.jpg 150w, https:\/\/biofood-dz.com\/switchelectric\/wp-content\/uploads\/2024\/09\/servante-complete-6-compartiments-170-outils-autobest-2212866-768x768.jpg 768w, https:\/\/biofood-dz.com\/switchelectric\/wp-content\/uploads\/2024\/09\/servante-complete-6-compartiments-170-outils-autobest-2212866-500x500.jpg 500w, https:\/\/biofood-dz.com\/switchelectric\/wp-content\/uploads\/2024\/09\/servante-complete-6-compartiments-170-outils-autobest-2212866-100x100.jpg 100w, https:\/\/biofood-dz.com\/switchelectric\/wp-content\/uploads\/2024\/09\/servante-complete-6-compartiments-170-outils-autobest-2212866-600x600.jpg 600w\" sizes=\"(max-width: 640px) 100vw, 640px\" \/>\t\t\t\t\t\t\t\t<\/a>\n\t\t\t\t\t\t\t\t\t\t\t<figcaption class=\"widget-image-caption wp-caption-text\">Servante et tiroirs \u00e9quip\u00e9s<\/figcaption>\n\t\t\t\t\t\t\t\t\t\t<\/figure>\n\t\t\t\t\t\t\t<\/div>\n\t\t\t\t<\/div>\n\t\t\t\t<\/div>\n\t\t\t\t\t<\/div>\n\t\t\t\t<\/div>\n\t\t\t\t<\/div>\n\t\t","protected":false},"excerpt":{"rendered":"<p>Fourniture d&#8217;outillage et pi\u00e8ce de rechange industrielle SWITCH ELECTRIC &gt; Blog Fourniture d&#8217;outillage et pi\u00e8ce de rechange industrielle Nous proposons \u00e9galement des solutions compl\u00e8tes en mati\u00e8re d&#8217;outillage et de pi\u00e8ces de rechange professionnelles. Notre expertise nous permet de r\u00e9pondre aux besoins vari\u00e9s des professionnels, quel que soit leur secteur d&#8217;activit\u00e9.Nous mettons un point d&#8217;honneur \u00e0&#8230;<\/p>\n","protected":false},"author":1,"featured_media":0,"parent":0,"menu_order":0,"comment_status":"closed","ping_status":"closed","template":"","meta":{"_monsterinsights_skip_tracking":false,"_monsterinsights_sitenote_active":false,"_monsterinsights_sitenote_note":"","_monsterinsights_sitenote_category":0,"footnotes":""},"class_list":["post-19552","page","type-page","status-publish","hentry"],"aioseo_notices":[],"_links":{"self":[{"href":"https:\/\/biofood-dz.com\/switchelectric\/wp-json\/wp\/v2\/pages\/19552","targetHints":{"allow":["GET"]}}],"collection":[{"href":"https:\/\/biofood-dz.com\/switchelectric\/wp-json\/wp\/v2\/pages"}],"about":[{"href":"https:\/\/biofood-dz.com\/switchelectric\/wp-json\/wp\/v2\/types\/page"}],"author":[{"embeddable":true,"href":"https:\/\/biofood-dz.com\/switchelectric\/wp-json\/wp\/v2\/users\/1"}],"replies":[{"embeddable":true,"href":"https:\/\/biofood-dz.com\/switchelectric\/wp-json\/wp\/v2\/comments?post=19552"}],"version-history":[{"count":10,"href":"https:\/\/biofood-dz.com\/switchelectric\/wp-json\/wp\/v2\/pages\/19552\/revisions"}],"predecessor-version":[{"id":19574,"href":"https:\/\/biofood-dz.com\/switchelectric\/wp-json\/wp\/v2\/pages\/19552\/revisions\/19574"}],"wp:attachment":[{"href":"https:\/\/biofood-dz.com\/switchelectric\/wp-json\/wp\/v2\/media?parent=19552"}],"curies":[{"name":"wp","href":"https:\/\/api.w.org\/{rel}","templated":true}]}}