{"id":19533,"date":"2024-09-25T05:58:14","date_gmt":"2024-09-25T05:58:14","guid":{"rendered":"https:\/\/biofood-dz.com\/switchelectric\/?page_id=19533"},"modified":"2024-09-25T06:47:49","modified_gmt":"2024-09-25T06:47:49","slug":"electricite-industrielle","status":"publish","type":"page","link":"https:\/\/biofood-dz.com\/switchelectric\/electricite-industrielle\/","title":{"rendered":"Electricit\u00e9 Industrielle"},"content":{"rendered":"\t\t<div data-elementor-type=\"wp-page\" data-elementor-id=\"19533\" class=\"elementor elementor-19533\">\n\t\t\t\t\t\t<section class=\"elementor-section elementor-top-section elementor-element elementor-element-5525da6 elementor-section-stretched elementor-section-boxed elementor-section-height-default elementor-section-height-default\" data-id=\"5525da6\" data-element_type=\"section\" data-settings=\"{&quot;stretch_section&quot;:&quot;section-stretched&quot;,&quot;background_background&quot;:&quot;classic&quot;}\">\n\t\t\t\t\t\t\t<div class=\"elementor-background-overlay\"><\/div>\n\t\t\t\t\t\t\t<div class=\"elementor-container elementor-column-gap-default\">\n\t\t\t\t\t<div class=\"elementor-column elementor-col-33 elementor-top-column elementor-element elementor-element-ee264f1 elementor-hidden-mobile\" data-id=\"ee264f1\" data-element_type=\"column\">\n\t\t\t<div class=\"elementor-widget-wrap\">\n\t\t\t\t\t\t\t<\/div>\n\t\t<\/div>\n\t\t\t\t<div class=\"elementor-column elementor-col-33 elementor-top-column elementor-element elementor-element-7fc4f58\" data-id=\"7fc4f58\" data-element_type=\"column\">\n\t\t\t<div class=\"elementor-widget-wrap elementor-element-populated\">\n\t\t\t\t\t\t<div class=\"elementor-element elementor-element-3e97b15 elementor-widget elementor-widget-rs-heading\" data-id=\"3e97b15\" data-element_type=\"widget\" data-widget_type=\"rs-heading.default\">\n\t\t\t\t<div class=\"elementor-widget-container\">\n\t\t\t\n        <div class=\"prelements-heading style4 animate- center\">\n\n\n\n        \t<div class=\"title-inner\">        \t\t      \t\t\n\t            <h1 class=\"title\"><span class=\"watermark\"><\/span>Electricit\u00e9 Industrielle<\/h1>\t\t\t\t\n\t\t\t\t\t        <\/div>\n\t                <\/div>\n        \t\t<\/div>\n\t\t\t\t<\/div>\n\t\t\t\t<div class=\"elementor-element elementor-element-b0aa493 elementor-widget elementor-widget-rs-breadcrumb\" data-id=\"b0aa493\" data-element_type=\"widget\" data-widget_type=\"rs-breadcrumb.default\">\n\t\t\t\t<div class=\"elementor-widget-container\">\n\t\t\t                    <div class=\"breadcrumb-area style3\"> \n                <div class=\"breadcrumbs-inner\"> <!-- Breadcrumb NavXT 7.3.1 -->\n<span property=\"itemListElement\" typeof=\"ListItem\"><a property=\"item\" typeof=\"WebPage\" title=\"Aller \u00e0 SWITCH ELECTRIC.\" href=\"https:\/\/biofood-dz.com\/switchelectric\" class=\"home\" ><span property=\"name\">SWITCH ELECTRIC<\/span><\/a><meta property=\"position\" content=\"1\"><\/span> &gt; <span property=\"itemListElement\" typeof=\"ListItem\"><a property=\"item\" typeof=\"WebPage\" title=\"Aller \u00e0 Blog.\" href=\"https:\/\/biofood-dz.com\/switchelectric\/blog\/\" class=\"post-root post post-post\" aria-current=\"page\"><span property=\"name\">Blog<\/span><\/a><meta property=\"position\" content=\"2\"><\/span><\/div>\n            <\/div> \n          \n    \t\t<\/div>\n\t\t\t\t<\/div>\n\t\t\t\t\t<\/div>\n\t\t<\/div>\n\t\t\t\t<div class=\"elementor-column elementor-col-33 elementor-top-column elementor-element elementor-element-7112f06 elementor-hidden-mobile\" data-id=\"7112f06\" data-element_type=\"column\">\n\t\t\t<div class=\"elementor-widget-wrap\">\n\t\t\t\t\t\t\t<\/div>\n\t\t<\/div>\n\t\t\t\t\t<\/div>\n\t\t<\/section>\n\t\t\t\t<section class=\"elementor-section elementor-top-section elementor-element elementor-element-99faa50 elementor-section-stretched elementor-section-boxed elementor-section-height-default elementor-section-height-default\" data-id=\"99faa50\" data-element_type=\"section\" data-settings=\"{&quot;stretch_section&quot;:&quot;section-stretched&quot;,&quot;background_background&quot;:&quot;classic&quot;}\">\n\t\t\t\t\t\t<div class=\"elementor-container elementor-column-gap-default\">\n\t\t\t\t\t<div class=\"elementor-column elementor-col-50 elementor-top-column elementor-element elementor-element-07dd76a elementor-invisible\" data-id=\"07dd76a\" data-element_type=\"column\" data-settings=\"{&quot;animation&quot;:&quot;fadeInUp&quot;}\">\n\t\t\t<div class=\"elementor-widget-wrap elementor-element-populated\">\n\t\t\t\t\t\t<div class=\"elementor-element elementor-element-fdeef0c elementor-widget elementor-widget-image\" data-id=\"fdeef0c\" data-element_type=\"widget\" data-widget_type=\"image.default\">\n\t\t\t\t<div class=\"elementor-widget-container\">\n\t\t\t<style>\/*! elementor - v3.23.0 - 05-08-2024 *\/\n.elementor-widget-image{text-align:center}.elementor-widget-image a{display:inline-block}.elementor-widget-image a img[src$=\".svg\"]{width:48px}.elementor-widget-image img{vertical-align:middle;display:inline-block}<\/style>\t\t\t\t\t\t\t\t\t\t<img fetchpriority=\"high\" decoding=\"async\" width=\"2560\" height=\"1707\" src=\"https:\/\/biofood-dz.com\/switchelectric\/wp-content\/uploads\/2024\/09\/AdobeStock_439136266-scaled-1.jpeg\" class=\"attachment-full size-full wp-image-19537\" alt=\"\" srcset=\"https:\/\/biofood-dz.com\/switchelectric\/wp-content\/uploads\/2024\/09\/AdobeStock_439136266-scaled-1.jpeg 2560w, https:\/\/biofood-dz.com\/switchelectric\/wp-content\/uploads\/2024\/09\/AdobeStock_439136266-scaled-1-300x200.jpeg 300w, https:\/\/biofood-dz.com\/switchelectric\/wp-content\/uploads\/2024\/09\/AdobeStock_439136266-scaled-1-1024x683.jpeg 1024w, https:\/\/biofood-dz.com\/switchelectric\/wp-content\/uploads\/2024\/09\/AdobeStock_439136266-scaled-1-768x512.jpeg 768w, https:\/\/biofood-dz.com\/switchelectric\/wp-content\/uploads\/2024\/09\/AdobeStock_439136266-scaled-1-1536x1024.jpeg 1536w, https:\/\/biofood-dz.com\/switchelectric\/wp-content\/uploads\/2024\/09\/AdobeStock_439136266-scaled-1-2048x1366.jpeg 2048w, https:\/\/biofood-dz.com\/switchelectric\/wp-content\/uploads\/2024\/09\/AdobeStock_439136266-scaled-1-600x400.jpeg 600w\" sizes=\"(max-width: 2560px) 100vw, 2560px\" \/>\t\t\t\t\t\t\t\t\t\t\t\t\t<\/div>\n\t\t\t\t<\/div>\n\t\t\t\t\t<\/div>\n\t\t<\/div>\n\t\t\t\t<div class=\"elementor-column elementor-col-50 elementor-top-column elementor-element elementor-element-94d07ed elementor-invisible\" data-id=\"94d07ed\" data-element_type=\"column\" data-settings=\"{&quot;animation&quot;:&quot;fadeInRight&quot;}\">\n\t\t\t<div class=\"elementor-widget-wrap elementor-element-populated\">\n\t\t\t\t\t\t<div class=\"elementor-element elementor-element-2580b49 elementor-widget elementor-widget-rs-heading\" data-id=\"2580b49\" data-element_type=\"widget\" data-widget_type=\"rs-heading.default\">\n\t\t\t\t<div class=\"elementor-widget-container\">\n\t\t\t\n        <div class=\"prelements-heading style9 animate- \">\n\n\n\n        \t<div class=\"title-inner\">        \t\t      \t\t\n\t             <img decoding=\"async\" src=\"https:\/\/rstheme.com\/products\/wordpress\/konstruk\/wp-content\/uploads\/2022\/03\/shape_1.png\" alt=\"icon\"><h2 class=\"title\"><span class=\"watermark\"><\/span>Electricit\u00e9 Industrielle\n<\/h2>\t\t\t\t\n\t\t\t\t\t        <\/div>\n\t                    \t<div class=\"description\">\n            \t\t            \t\t<p>L\u2019\u00e9lectricit\u00e9 industrielle se concentre sur la conception, l\u2019installation et la maintenance des syst\u00e8mes \u00e9lectriques utilis\u00e9s dans les usines et les environnements de production. Elle assure l\u2019alimentation \u00e9lectrique des \u00e9quipements, l\u2019automatisation des processus et la gestion des infrastructures complexes. Gr\u00e2ce \u00e0 des solutions sur mesure, elle optimise la s\u00e9curit\u00e9, la fiabilit\u00e9 et l'efficacit\u00e9 \u00e9nerg\u00e9tique des installations, contribuant \u00e0 la performance globale de l\u2019entreprise industrielle.<\/p>  \n            \t<\/div>\n        \t        <\/div>\n        \t\t<\/div>\n\t\t\t\t<\/div>\n\t\t\t\t\t<\/div>\n\t\t<\/div>\n\t\t\t\t\t<\/div>\n\t\t<\/section>\n\t\t<div class=\"elementor-element elementor-element-f098bc8 products-section e-flex e-con-boxed e-con e-parent\" data-id=\"f098bc8\" data-element_type=\"container\">\n\t\t\t\t\t<div class=\"e-con-inner\">\n\t\t<div class=\"elementor-element elementor-element-1c73fb0 e-grid e-con-full e-con e-child\" data-id=\"1c73fb0\" data-element_type=\"container\">\n\t\t\t\t<div class=\"elementor-element elementor-element-3601480 elementor-widget elementor-widget-image\" data-id=\"3601480\" data-element_type=\"widget\" data-widget_type=\"image.default\">\n\t\t\t\t<div class=\"elementor-widget-container\">\n\t\t\t\t\t\t\t\t\t\t<figure class=\"wp-caption\">\n\t\t\t\t\t\t\t\t\t\t\t<a href=\"https:\/\/biofood-dz.com\/switchelectric\/wp-content\/uploads\/2024\/09\/image-4.png\" data-elementor-open-lightbox=\"yes\" data-elementor-lightbox-title=\"Moteur \u00e9lectrique MENZEL\" data-e-action-hash=\"#elementor-action%3Aaction%3Dlightbox%26settings%3DeyJpZCI6MTg5NDksInVybCI6Imh0dHBzOlwvXC9iaW9mb29kLWR6LmNvbVwvc3dpdGNoZWxlY3RyaWNcL3dwLWNvbnRlbnRcL3VwbG9hZHNcLzIwMjRcLzA5XC9pbWFnZS00LnBuZyJ9\">\n\t\t\t\t\t\t\t<img decoding=\"async\" width=\"640\" height=\"640\" src=\"https:\/\/biofood-dz.com\/switchelectric\/wp-content\/uploads\/2024\/09\/image-4.png\" class=\"attachment-large size-large wp-image-18949\" alt=\"\" srcset=\"https:\/\/biofood-dz.com\/switchelectric\/wp-content\/uploads\/2024\/09\/image-4.png 683w, https:\/\/biofood-dz.com\/switchelectric\/wp-content\/uploads\/2024\/09\/image-4-300x300.png 300w, https:\/\/biofood-dz.com\/switchelectric\/wp-content\/uploads\/2024\/09\/image-4-150x150.png 150w, https:\/\/biofood-dz.com\/switchelectric\/wp-content\/uploads\/2024\/09\/image-4-500x500.png 500w, https:\/\/biofood-dz.com\/switchelectric\/wp-content\/uploads\/2024\/09\/image-4-100x100.png 100w, https:\/\/biofood-dz.com\/switchelectric\/wp-content\/uploads\/2024\/09\/image-4-600x600.png 600w\" sizes=\"(max-width: 640px) 100vw, 640px\" \/>\t\t\t\t\t\t\t\t<\/a>\n\t\t\t\t\t\t\t\t\t\t\t<figcaption class=\"widget-image-caption wp-caption-text\">Moteur \u00e9lectrique MENZEL<\/figcaption>\n\t\t\t\t\t\t\t\t\t\t<\/figure>\n\t\t\t\t\t\t\t<\/div>\n\t\t\t\t<\/div>\n\t\t\t\t<div class=\"elementor-element elementor-element-5678c0a elementor-widget elementor-widget-image\" data-id=\"5678c0a\" data-element_type=\"widget\" data-widget_type=\"image.default\">\n\t\t\t\t<div class=\"elementor-widget-container\">\n\t\t\t\t\t\t\t\t\t\t<figure class=\"wp-caption\">\n\t\t\t\t\t\t\t\t\t\t\t<a href=\"https:\/\/biofood-dz.com\/switchelectric\/wp-content\/uploads\/2024\/09\/Armoire-electrique.png\" data-elementor-open-lightbox=\"yes\" data-elementor-lightbox-title=\"Armoire \u00e9lectrique\" data-e-action-hash=\"#elementor-action%3Aaction%3Dlightbox%26settings%3DeyJpZCI6MTk1NDIsInVybCI6Imh0dHBzOlwvXC9iaW9mb29kLWR6LmNvbVwvc3dpdGNoZWxlY3RyaWNcL3dwLWNvbnRlbnRcL3VwbG9hZHNcLzIwMjRcLzA5XC9Bcm1vaXJlLWVsZWN0cmlxdWUucG5nIn0%3D\">\n\t\t\t\t\t\t\t<img decoding=\"async\" width=\"640\" height=\"511\" src=\"https:\/\/biofood-dz.com\/switchelectric\/wp-content\/uploads\/2024\/09\/Armoire-electrique-1024x817.png\" class=\"attachment-large size-large wp-image-19542\" alt=\"\" srcset=\"https:\/\/biofood-dz.com\/switchelectric\/wp-content\/uploads\/2024\/09\/Armoire-electrique-1024x817.png 1024w, https:\/\/biofood-dz.com\/switchelectric\/wp-content\/uploads\/2024\/09\/Armoire-electrique-300x239.png 300w, https:\/\/biofood-dz.com\/switchelectric\/wp-content\/uploads\/2024\/09\/Armoire-electrique-768x613.png 768w, https:\/\/biofood-dz.com\/switchelectric\/wp-content\/uploads\/2024\/09\/Armoire-electrique-600x479.png 600w, https:\/\/biofood-dz.com\/switchelectric\/wp-content\/uploads\/2024\/09\/Armoire-electrique.png 1399w\" sizes=\"(max-width: 640px) 100vw, 640px\" \/>\t\t\t\t\t\t\t\t<\/a>\n\t\t\t\t\t\t\t\t\t\t\t<figcaption class=\"widget-image-caption wp-caption-text\">Armoire \u00e9lectrique<\/figcaption>\n\t\t\t\t\t\t\t\t\t\t<\/figure>\n\t\t\t\t\t\t\t<\/div>\n\t\t\t\t<\/div>\n\t\t\t\t<div class=\"elementor-element elementor-element-b8ac2e6 elementor-widget elementor-widget-image\" data-id=\"b8ac2e6\" data-element_type=\"widget\" data-widget_type=\"image.default\">\n\t\t\t\t<div class=\"elementor-widget-container\">\n\t\t\t\t\t\t\t\t\t\t<figure class=\"wp-caption\">\n\t\t\t\t\t\t\t\t\t\t\t<a href=\"https:\/\/biofood-dz.com\/switchelectric\/wp-content\/uploads\/2024\/09\/Disjoncteur-ABB.jpg\" data-elementor-open-lightbox=\"yes\" data-elementor-lightbox-title=\"Disjoncteur ABB\" data-e-action-hash=\"#elementor-action%3Aaction%3Dlightbox%26settings%3DeyJpZCI6MTk1NDMsInVybCI6Imh0dHBzOlwvXC9iaW9mb29kLWR6LmNvbVwvc3dpdGNoZWxlY3RyaWNcL3dwLWNvbnRlbnRcL3VwbG9hZHNcLzIwMjRcLzA5XC9EaXNqb25jdGV1ci1BQkIuanBnIn0%3D\">\n\t\t\t\t\t\t\t<img loading=\"lazy\" decoding=\"async\" width=\"640\" height=\"640\" src=\"https:\/\/biofood-dz.com\/switchelectric\/wp-content\/uploads\/2024\/09\/Disjoncteur-ABB-1024x1024.jpg\" class=\"attachment-large size-large wp-image-19543\" alt=\"\" srcset=\"https:\/\/biofood-dz.com\/switchelectric\/wp-content\/uploads\/2024\/09\/Disjoncteur-ABB-1024x1024.jpg 1024w, https:\/\/biofood-dz.com\/switchelectric\/wp-content\/uploads\/2024\/09\/Disjoncteur-ABB-300x300.jpg 300w, https:\/\/biofood-dz.com\/switchelectric\/wp-content\/uploads\/2024\/09\/Disjoncteur-ABB-150x150.jpg 150w, https:\/\/biofood-dz.com\/switchelectric\/wp-content\/uploads\/2024\/09\/Disjoncteur-ABB-768x768.jpg 768w, https:\/\/biofood-dz.com\/switchelectric\/wp-content\/uploads\/2024\/09\/Disjoncteur-ABB-500x500.jpg 500w, https:\/\/biofood-dz.com\/switchelectric\/wp-content\/uploads\/2024\/09\/Disjoncteur-ABB-1536x1536.jpg 1536w, https:\/\/biofood-dz.com\/switchelectric\/wp-content\/uploads\/2024\/09\/Disjoncteur-ABB-2048x2048.jpg 2048w, https:\/\/biofood-dz.com\/switchelectric\/wp-content\/uploads\/2024\/09\/Disjoncteur-ABB-100x100.jpg 100w, https:\/\/biofood-dz.com\/switchelectric\/wp-content\/uploads\/2024\/09\/Disjoncteur-ABB-600x600.jpg 600w\" sizes=\"(max-width: 640px) 100vw, 640px\" \/>\t\t\t\t\t\t\t\t<\/a>\n\t\t\t\t\t\t\t\t\t\t\t<figcaption class=\"widget-image-caption wp-caption-text\">Disjoncteur ABB<\/figcaption>\n\t\t\t\t\t\t\t\t\t\t<\/figure>\n\t\t\t\t\t\t\t<\/div>\n\t\t\t\t<\/div>\n\t\t\t\t<div class=\"elementor-element elementor-element-f88d0dc elementor-widget elementor-widget-image\" data-id=\"f88d0dc\" data-element_type=\"widget\" data-widget_type=\"image.default\">\n\t\t\t\t<div class=\"elementor-widget-container\">\n\t\t\t\t\t\t\t\t\t\t<figure class=\"wp-caption\">\n\t\t\t\t\t\t\t\t\t\t\t<a href=\"https:\/\/biofood-dz.com\/switchelectric\/wp-content\/uploads\/2024\/09\/Disjoncteur-CHINT.png\" data-elementor-open-lightbox=\"yes\" data-elementor-lightbox-title=\"Disjoncteur CHINT\" data-e-action-hash=\"#elementor-action%3Aaction%3Dlightbox%26settings%3DeyJpZCI6MTk1NDQsInVybCI6Imh0dHBzOlwvXC9iaW9mb29kLWR6LmNvbVwvc3dpdGNoZWxlY3RyaWNcL3dwLWNvbnRlbnRcL3VwbG9hZHNcLzIwMjRcLzA5XC9EaXNqb25jdGV1ci1DSElOVC5wbmcifQ%3D%3D\">\n\t\t\t\t\t\t\t<img loading=\"lazy\" decoding=\"async\" width=\"575\" height=\"525\" src=\"https:\/\/biofood-dz.com\/switchelectric\/wp-content\/uploads\/2024\/09\/Disjoncteur-CHINT.png\" class=\"attachment-large size-large wp-image-19544\" alt=\"\" srcset=\"https:\/\/biofood-dz.com\/switchelectric\/wp-content\/uploads\/2024\/09\/Disjoncteur-CHINT.png 575w, https:\/\/biofood-dz.com\/switchelectric\/wp-content\/uploads\/2024\/09\/Disjoncteur-CHINT-300x274.png 300w\" sizes=\"(max-width: 575px) 100vw, 575px\" \/>\t\t\t\t\t\t\t\t<\/a>\n\t\t\t\t\t\t\t\t\t\t\t<figcaption class=\"widget-image-caption wp-caption-text\">Disjoncteur CHINT<\/figcaption>\n\t\t\t\t\t\t\t\t\t\t<\/figure>\n\t\t\t\t\t\t\t<\/div>\n\t\t\t\t<\/div>\n\t\t\t\t<div class=\"elementor-element elementor-element-11abaa5 elementor-widget elementor-widget-image\" data-id=\"11abaa5\" data-element_type=\"widget\" data-widget_type=\"image.default\">\n\t\t\t\t<div class=\"elementor-widget-container\">\n\t\t\t\t\t\t\t\t\t\t<figure class=\"wp-caption\">\n\t\t\t\t\t\t\t\t\t\t\t<a href=\"https:\/\/biofood-dz.com\/switchelectric\/wp-content\/uploads\/2024\/09\/Inverseur.webp\" data-elementor-open-lightbox=\"yes\" data-elementor-lightbox-title=\"Inverseur\" data-e-action-hash=\"#elementor-action%3Aaction%3Dlightbox%26settings%3DeyJpZCI6MTk1NDUsInVybCI6Imh0dHBzOlwvXC9iaW9mb29kLWR6LmNvbVwvc3dpdGNoZWxlY3RyaWNcL3dwLWNvbnRlbnRcL3VwbG9hZHNcLzIwMjRcLzA5XC9JbnZlcnNldXIud2VicCJ9\">\n\t\t\t\t\t\t\t<img loading=\"lazy\" decoding=\"async\" width=\"470\" height=\"470\" src=\"https:\/\/biofood-dz.com\/switchelectric\/wp-content\/uploads\/2024\/09\/Inverseur.webp\" class=\"attachment-large size-large wp-image-19545\" alt=\"\" srcset=\"https:\/\/biofood-dz.com\/switchelectric\/wp-content\/uploads\/2024\/09\/Inverseur.webp 470w, https:\/\/biofood-dz.com\/switchelectric\/wp-content\/uploads\/2024\/09\/Inverseur-300x300.webp 300w, https:\/\/biofood-dz.com\/switchelectric\/wp-content\/uploads\/2024\/09\/Inverseur-150x150.webp 150w, https:\/\/biofood-dz.com\/switchelectric\/wp-content\/uploads\/2024\/09\/Inverseur-100x100.webp 100w\" sizes=\"(max-width: 470px) 100vw, 470px\" \/>\t\t\t\t\t\t\t\t<\/a>\n\t\t\t\t\t\t\t\t\t\t\t<figcaption class=\"widget-image-caption wp-caption-text\">Inverseur<\/figcaption>\n\t\t\t\t\t\t\t\t\t\t<\/figure>\n\t\t\t\t\t\t\t<\/div>\n\t\t\t\t<\/div>\n\t\t\t\t<div class=\"elementor-element elementor-element-75a06e4 elementor-widget elementor-widget-image\" data-id=\"75a06e4\" data-element_type=\"widget\" data-widget_type=\"image.default\">\n\t\t\t\t<div class=\"elementor-widget-container\">\n\t\t\t\t\t\t\t\t\t\t<figure class=\"wp-caption\">\n\t\t\t\t\t\t\t\t\t\t\t<a href=\"https:\/\/biofood-dz.com\/switchelectric\/wp-content\/uploads\/2024\/09\/Stabilisateur.webp\" data-elementor-open-lightbox=\"yes\" data-elementor-lightbox-title=\"Stabilisateur\" data-e-action-hash=\"#elementor-action%3Aaction%3Dlightbox%26settings%3DeyJpZCI6MTk1NDYsInVybCI6Imh0dHBzOlwvXC9iaW9mb29kLWR6LmNvbVwvc3dpdGNoZWxlY3RyaWNcL3dwLWNvbnRlbnRcL3VwbG9hZHNcLzIwMjRcLzA5XC9TdGFiaWxpc2F0ZXVyLndlYnAifQ%3D%3D\">\n\t\t\t\t\t\t\t<img loading=\"lazy\" decoding=\"async\" width=\"640\" height=\"640\" src=\"https:\/\/biofood-dz.com\/switchelectric\/wp-content\/uploads\/2024\/09\/Stabilisateur.webp\" class=\"attachment-large size-large wp-image-19546\" alt=\"\" srcset=\"https:\/\/biofood-dz.com\/switchelectric\/wp-content\/uploads\/2024\/09\/Stabilisateur.webp 800w, https:\/\/biofood-dz.com\/switchelectric\/wp-content\/uploads\/2024\/09\/Stabilisateur-300x300.webp 300w, https:\/\/biofood-dz.com\/switchelectric\/wp-content\/uploads\/2024\/09\/Stabilisateur-150x150.webp 150w, https:\/\/biofood-dz.com\/switchelectric\/wp-content\/uploads\/2024\/09\/Stabilisateur-768x768.webp 768w, https:\/\/biofood-dz.com\/switchelectric\/wp-content\/uploads\/2024\/09\/Stabilisateur-500x500.webp 500w, https:\/\/biofood-dz.com\/switchelectric\/wp-content\/uploads\/2024\/09\/Stabilisateur-100x100.webp 100w, https:\/\/biofood-dz.com\/switchelectric\/wp-content\/uploads\/2024\/09\/Stabilisateur-600x600.webp 600w\" sizes=\"(max-width: 640px) 100vw, 640px\" \/>\t\t\t\t\t\t\t\t<\/a>\n\t\t\t\t\t\t\t\t\t\t\t<figcaption class=\"widget-image-caption wp-caption-text\">Stabilisateur<\/figcaption>\n\t\t\t\t\t\t\t\t\t\t<\/figure>\n\t\t\t\t\t\t\t<\/div>\n\t\t\t\t<\/div>\n\t\t\t\t<div class=\"elementor-element elementor-element-2a5a470 elementor-widget elementor-widget-image\" data-id=\"2a5a470\" data-element_type=\"widget\" data-widget_type=\"image.default\">\n\t\t\t\t<div class=\"elementor-widget-container\">\n\t\t\t\t\t\t\t\t\t\t<figure class=\"wp-caption\">\n\t\t\t\t\t\t\t\t\t\t\t<a href=\"https:\/\/biofood-dz.com\/switchelectric\/wp-content\/uploads\/2024\/09\/Variateur-de-Vitesse.jpg\" data-elementor-open-lightbox=\"yes\" data-elementor-lightbox-title=\"Variateur-de-Vitesse\" data-e-action-hash=\"#elementor-action%3Aaction%3Dlightbox%26settings%3DeyJpZCI6MTk1NDcsInVybCI6Imh0dHBzOlwvXC9iaW9mb29kLWR6LmNvbVwvc3dpdGNoZWxlY3RyaWNcL3dwLWNvbnRlbnRcL3VwbG9hZHNcLzIwMjRcLzA5XC9WYXJpYXRldXItZGUtVml0ZXNzZS5qcGcifQ%3D%3D\">\n\t\t\t\t\t\t\t<img loading=\"lazy\" decoding=\"async\" width=\"600\" height=\"609\" src=\"https:\/\/biofood-dz.com\/switchelectric\/wp-content\/uploads\/2024\/09\/Variateur-de-Vitesse.jpg\" class=\"attachment-large size-large wp-image-19547\" alt=\"\" srcset=\"https:\/\/biofood-dz.com\/switchelectric\/wp-content\/uploads\/2024\/09\/Variateur-de-Vitesse.jpg 600w, https:\/\/biofood-dz.com\/switchelectric\/wp-content\/uploads\/2024\/09\/Variateur-de-Vitesse-296x300.jpg 296w\" sizes=\"(max-width: 600px) 100vw, 600px\" \/>\t\t\t\t\t\t\t\t<\/a>\n\t\t\t\t\t\t\t\t\t\t\t<figcaption class=\"widget-image-caption wp-caption-text\">Variateur de Vitesse<\/figcaption>\n\t\t\t\t\t\t\t\t\t\t<\/figure>\n\t\t\t\t\t\t\t<\/div>\n\t\t\t\t<\/div>\n\t\t\t\t<div class=\"elementor-element elementor-element-2d09d1c elementor-widget elementor-widget-image\" data-id=\"2d09d1c\" data-element_type=\"widget\" data-widget_type=\"image.default\">\n\t\t\t\t<div class=\"elementor-widget-container\">\n\t\t\t\t\t\t\t\t\t\t<figure class=\"wp-caption\">\n\t\t\t\t\t\t\t\t\t\t\t<a href=\"https:\/\/biofood-dz.com\/switchelectric\/wp-content\/uploads\/2024\/09\/Groupe-Electrogene.jpg\" data-elementor-open-lightbox=\"yes\" data-elementor-lightbox-title=\"Groupe Electrogene\" data-e-action-hash=\"#elementor-action%3Aaction%3Dlightbox%26settings%3DeyJpZCI6MTk1NDgsInVybCI6Imh0dHBzOlwvXC9iaW9mb29kLWR6LmNvbVwvc3dpdGNoZWxlY3RyaWNcL3dwLWNvbnRlbnRcL3VwbG9hZHNcLzIwMjRcLzA5XC9Hcm91cGUtRWxlY3Ryb2dlbmUuanBnIn0%3D\">\n\t\t\t\t\t\t\t<img loading=\"lazy\" decoding=\"async\" width=\"600\" height=\"450\" src=\"https:\/\/biofood-dz.com\/switchelectric\/wp-content\/uploads\/2024\/09\/Groupe-Electrogene.jpg\" class=\"attachment-large size-large wp-image-19548\" alt=\"\" srcset=\"https:\/\/biofood-dz.com\/switchelectric\/wp-content\/uploads\/2024\/09\/Groupe-Electrogene.jpg 600w, https:\/\/biofood-dz.com\/switchelectric\/wp-content\/uploads\/2024\/09\/Groupe-Electrogene-300x225.jpg 300w\" sizes=\"(max-width: 600px) 100vw, 600px\" \/>\t\t\t\t\t\t\t\t<\/a>\n\t\t\t\t\t\t\t\t\t\t\t<figcaption class=\"widget-image-caption wp-caption-text\">Groupe Electrogene<\/figcaption>\n\t\t\t\t\t\t\t\t\t\t<\/figure>\n\t\t\t\t\t\t\t<\/div>\n\t\t\t\t<\/div>\n\t\t\t\t<\/div>\n\t\t\t\t\t<\/div>\n\t\t\t\t<\/div>\n\t\t\t\t<\/div>\n\t\t","protected":false},"excerpt":{"rendered":"<p>Electricit\u00e9 Industrielle SWITCH ELECTRIC &gt; Blog Electricit\u00e9 Industrielle L\u2019\u00e9lectricit\u00e9 industrielle se concentre sur la conception, l\u2019installation et la maintenance des syst\u00e8mes \u00e9lectriques utilis\u00e9s dans les usines et les environnements de production. Elle assure l\u2019alimentation \u00e9lectrique des \u00e9quipements, l\u2019automatisation des processus et la gestion des infrastructures complexes. Gr\u00e2ce \u00e0 des solutions sur mesure, elle optimise la&#8230;<\/p>\n","protected":false},"author":1,"featured_media":0,"parent":0,"menu_order":0,"comment_status":"closed","ping_status":"closed","template":"","meta":{"_monsterinsights_skip_tracking":false,"_monsterinsights_sitenote_active":false,"_monsterinsights_sitenote_note":"","_monsterinsights_sitenote_category":0,"footnotes":""},"class_list":["post-19533","page","type-page","status-publish","hentry"],"aioseo_notices":[],"_links":{"self":[{"href":"https:\/\/biofood-dz.com\/switchelectric\/wp-json\/wp\/v2\/pages\/19533","targetHints":{"allow":["GET"]}}],"collection":[{"href":"https:\/\/biofood-dz.com\/switchelectric\/wp-json\/wp\/v2\/pages"}],"about":[{"href":"https:\/\/biofood-dz.com\/switchelectric\/wp-json\/wp\/v2\/types\/page"}],"author":[{"embeddable":true,"href":"https:\/\/biofood-dz.com\/switchelectric\/wp-json\/wp\/v2\/users\/1"}],"replies":[{"embeddable":true,"href":"https:\/\/biofood-dz.com\/switchelectric\/wp-json\/wp\/v2\/comments?post=19533"}],"version-history":[{"count":7,"href":"https:\/\/biofood-dz.com\/switchelectric\/wp-json\/wp\/v2\/pages\/19533\/revisions"}],"predecessor-version":[{"id":19551,"href":"https:\/\/biofood-dz.com\/switchelectric\/wp-json\/wp\/v2\/pages\/19533\/revisions\/19551"}],"wp:attachment":[{"href":"https:\/\/biofood-dz.com\/switchelectric\/wp-json\/wp\/v2\/media?parent=19533"}],"curies":[{"name":"wp","href":"https:\/\/api.w.org\/{rel}","templated":true}]}}