{"id":19308,"date":"2024-09-14T08:30:58","date_gmt":"2024-09-14T08:30:58","guid":{"rendered":"https:\/\/biofood-dz.com\/switchelectric\/?page_id=19308"},"modified":"2024-09-25T12:27:51","modified_gmt":"2024-09-25T12:27:51","slug":"fournitures","status":"publish","type":"page","link":"https:\/\/biofood-dz.com\/switchelectric\/fournitures\/","title":{"rendered":"Fournitures"},"content":{"rendered":"\t\t<div data-elementor-type=\"wp-page\" data-elementor-id=\"19308\" class=\"elementor elementor-19308\">\n\t\t\t\t\t\t<section class=\"elementor-section elementor-top-section elementor-element elementor-element-26b2502 elementor-section-stretched elementor-section-boxed elementor-section-height-default elementor-section-height-default\" data-id=\"26b2502\" data-element_type=\"section\" data-settings=\"{&quot;stretch_section&quot;:&quot;section-stretched&quot;,&quot;background_background&quot;:&quot;classic&quot;}\">\n\t\t\t\t\t\t\t<div class=\"elementor-background-overlay\"><\/div>\n\t\t\t\t\t\t\t<div class=\"elementor-container elementor-column-gap-default\">\n\t\t\t\t\t<div class=\"elementor-column elementor-col-33 elementor-top-column elementor-element elementor-element-e423f15 elementor-hidden-mobile\" data-id=\"e423f15\" data-element_type=\"column\">\n\t\t\t<div class=\"elementor-widget-wrap\">\n\t\t\t\t\t\t\t<\/div>\n\t\t<\/div>\n\t\t\t\t<div class=\"elementor-column elementor-col-33 elementor-top-column elementor-element elementor-element-cf06dee\" data-id=\"cf06dee\" data-element_type=\"column\">\n\t\t\t<div class=\"elementor-widget-wrap elementor-element-populated\">\n\t\t\t\t\t\t<div class=\"elementor-element elementor-element-bdf40ad elementor-widget elementor-widget-rs-heading\" data-id=\"bdf40ad\" data-element_type=\"widget\" data-widget_type=\"rs-heading.default\">\n\t\t\t\t<div class=\"elementor-widget-container\">\n\t\t\t\n        <div class=\"prelements-heading style4 animate- center\">\n\n\n\n        \t<div class=\"title-inner\">        \t\t      \t\t\n\t            <h1 class=\"title\"><span class=\"watermark\"><\/span>Fournitures<\/h1>\t\t\t\t\n\t\t\t\t\t        <\/div>\n\t                <\/div>\n        \t\t<\/div>\n\t\t\t\t<\/div>\n\t\t\t\t<div class=\"elementor-element elementor-element-79672ef elementor-widget elementor-widget-rs-breadcrumb\" data-id=\"79672ef\" data-element_type=\"widget\" data-widget_type=\"rs-breadcrumb.default\">\n\t\t\t\t<div class=\"elementor-widget-container\">\n\t\t\t                    <div class=\"breadcrumb-area style3\"> \n                <div class=\"breadcrumbs-inner\"> <!-- Breadcrumb NavXT 7.3.1 -->\n<span property=\"itemListElement\" typeof=\"ListItem\"><a property=\"item\" typeof=\"WebPage\" title=\"Aller \u00e0 SWITCH ELECTRIC.\" href=\"https:\/\/biofood-dz.com\/switchelectric\" class=\"home\" ><span property=\"name\">SWITCH ELECTRIC<\/span><\/a><meta property=\"position\" content=\"1\"><\/span> &gt; <span property=\"itemListElement\" typeof=\"ListItem\"><a property=\"item\" typeof=\"WebPage\" title=\"Aller \u00e0 Blog.\" href=\"https:\/\/biofood-dz.com\/switchelectric\/blog\/\" class=\"post-root post post-post\" aria-current=\"page\"><span property=\"name\">Blog<\/span><\/a><meta property=\"position\" content=\"2\"><\/span><\/div>\n            <\/div> \n          \n    \t\t<\/div>\n\t\t\t\t<\/div>\n\t\t\t\t\t<\/div>\n\t\t<\/div>\n\t\t\t\t<div class=\"elementor-column elementor-col-33 elementor-top-column elementor-element elementor-element-4acfeba elementor-hidden-mobile\" data-id=\"4acfeba\" data-element_type=\"column\">\n\t\t\t<div class=\"elementor-widget-wrap\">\n\t\t\t\t\t\t\t<\/div>\n\t\t<\/div>\n\t\t\t\t\t<\/div>\n\t\t<\/section>\n\t\t<div class=\"elementor-element elementor-element-217d476 e-grid e-con-boxed e-con e-parent\" data-id=\"217d476\" data-element_type=\"container\">\n\t\t\t\t\t<div class=\"e-con-inner\">\n\t\t\t\t<div class=\"elementor-element elementor-element-631d7d5 elementor-widget elementor-widget-rs-service-grid\" data-id=\"631d7d5\" data-element_type=\"widget\" data-widget_type=\"rs-service-grid.default\">\n\t\t\t\t<div class=\"elementor-widget-container\">\n\t\t\t\t\t\r\n\t\t<div class=\" rs-addon-services services-style5 service_shape_yes box_shadow_serial_disable -border rs_hover_shape_disable rs_ rs-shape_image-hover\">\r\n\r\n\t\t    <div class=\"services-part image-align-top\">\r\n\r\n\t\t    \t\r\n\r\n\t\t    \t\t\t\t    \t\t    \t\t\r\n\t\t    \t\t\t    \t\t\t\r\n\t\t\t    \t\t\t\t\t\t    \t\t\t\t\r\n\t\t\t\t    \t\t\t\t<div class=\"services-icon   icon_size_ image-hover no  border-style-\">\r\n\r\n\t\t\t\t\t\t\t    \t\t\r\n\t\t\t\t\t\t\t    \t\t\t\t\t\t\t\t\t\t    \t\t\t\t\t\t\t\t\t\t\t    \t\t\t\t\t\t\t\t\t\t\t    \t\t<img decoding=\"async\" class=\"main-img\" src=\"https:\/\/biofood-dz.com\/switchelectric\/wp-content\/uploads\/2024\/09\/Eclairage_Public.png\" alt=\"image\"\/>\r\n\t\t\t\t\t\t\t\t\t    \t\t\t\t\t\t\t\t\t\t    \t\t\t\t\t\t\t\t\t\t    \t\r\n\t\t\t\t\t\t\t\t    \t\r\n\t\t\t\t\t\t\t    \t\t\r\n\t\t\t\t\t\t\t    \t\t\r\n\r\n\r\n\t\t\t\t\t\t    \t\t<\/div>\r\n\r\n\t\t\t\t\t    \t\t\t\t\t\t    \t\t\t\t\t    \t\t\r\n\t\t    \t\t\t    \t\t       \r\n\t\t\t    <div class=\"services-text\">\r\n\t\t\t    \t<div class=\"service-inner button_inner\">\r\n\r\n\r\n\t\t\t    \t\t\r\n\t\t\t    \t\t\r\n\r\n\t\t\t\t    \t\r\n\t\t\t\t    \t\t\t\t\t\t    \t\t\t\t\t\t\t    \t<div class=\"services-titles\">\t\t\t\t    \t\t\r\n\t\t\t\t\t\t    \t\t\t\t\t\t\t    \t\t\t\t\t\t\t    \t\t\t\r\n\t\t\t\t\t\t    \t\t<h3  class=\"title\"> <a href=\"https:\/\/biofood-dz.com\/switchelectric\/eclairage-public\/\"  >Eclairage Public<\/a><\/h3>\r\n\t\t\t\t\t\t    \t\t\t\t\t\t    \t\t\r\n\t\t\t\t\t\t    \t<\/div>\r\n\t\t\t\t\t    \t\t\r\n\r\n\r\n\r\n\t\t\t\t\t    \r\n\t\t\t\t    \t\t\t\t\t    \t\t<p class=\"services-txt\">  Nous proposons une s\u00e9lection compl\u00e8te d'articles d'\u00e9clairage public en collaborant avec les plus grandes marques ...<\/p>\t\r\n\t\t\t\t    \t\t\r\n\r\n\t    \t    \t\t\t\t    \t    \t\t\t\t\t    \t\t    \t<div class=\"services-btn-part\">\r\n\t\t\t    \t\t    \t\t\t\t    \t\t    \t\t\t<a class=\"services-btn icon-after\" href=\"https:\/\/biofood-dz.com\/switchelectric\/eclairage-public\/\" >\r\n\r\n\t\t    \t\t    \t\t\t\t<span class=\"btn_text\">\r\n\t\t    \t\t    \t\t\t\t\tLire Plus    \t\t\t\t\t\t\r\n\t\t    \t\t    \t\t\t\t<\/span>\r\n\r\n\t\t    \t\t    \t\t\t\t\r\n\r\n\t\t    \t\t    \t\t\t<\/a>\r\n\t\t\t    \t\t    \t<\/div>\r\n\t\t\t    \t    \t\t\t\t\t    <\/div>\r\n\t\t\t    <\/div>\r\n\r\n\t\t\t    \t\t\t    \t<div class=\"normarl-text-area\">\r\n\t\t\t    \t\t\t\t\t\t    \t<div class=\"services-titles\">\t\t\t\t    \t\t\r\n\t\t\t\t    \t\t\t\t\t\t\t    \t\t\t\t\t\t\t    \t\t\t\r\n\t\t\t\t    \t\t<h3  class=\"title\"> <a href=\"https:\/\/biofood-dz.com\/switchelectric\/eclairage-public\/\"  >Eclairage Public<\/a><\/h3>\r\n\t\t\t\t    \t\t\t\t\t\t    \t\t\r\n\t\t\t\t    \t<\/div>\r\n\t\t\t    \t\t\r\n\t\t\t    \t\t\t\t\t\t    <\/div>\r\n\t\t\t    \r\n\t\t\t    \t\r\n\r\n\t\t\t    \r\n\t    \t\t\r\n\t\t\t    \t\t\t<\/div>\r\n\r\n\t\t\t\r\n\t\t<\/div>\t\r\n\t\t\r\n\t\t\t<\/div>\n\t\t\t\t<\/div>\n\t\t\t\t<div class=\"elementor-element elementor-element-47987d6 elementor-widget elementor-widget-rs-service-grid\" data-id=\"47987d6\" data-element_type=\"widget\" data-widget_type=\"rs-service-grid.default\">\n\t\t\t\t<div class=\"elementor-widget-container\">\n\t\t\t\t\t\r\n\t\t<div class=\" rs-addon-services services-style5 service_shape_yes box_shadow_serial_disable -border rs_hover_shape_disable rs_ rs-shape_image-hover\">\r\n\r\n\t\t    <div class=\"services-part image-align-top\">\r\n\r\n\t\t    \t\r\n\r\n\t\t    \t\t\t\t    \t\t    \t\t\r\n\t\t    \t\t\t    \t\t\t\r\n\t\t\t    \t\t\t\t\t\t    \t\t\t\t\r\n\t\t\t\t    \t\t\t\t<div class=\"services-icon   icon_size_ image-hover no  border-style-\">\r\n\r\n\t\t\t\t\t\t\t    \t\t\r\n\t\t\t\t\t\t\t    \t\t\t\t\t\t\t\t\t\t    \t\t\t\t\t\t\t\t\t\t\t    \t\t\t\t\t\t\t\t\t\t\t    \t\t<img decoding=\"async\" class=\"main-img\" src=\"https:\/\/biofood-dz.com\/switchelectric\/wp-content\/uploads\/2024\/09\/stock-photo-electricity-light-572607160-transformed-e1727174014826.jpeg\" alt=\"image\"\/>\r\n\t\t\t\t\t\t\t\t\t    \t\t\t\t\t\t\t\t\t\t    \t\t\t\t\t\t\t\t\t\t    \t\r\n\t\t\t\t\t\t\t\t    \t\r\n\t\t\t\t\t\t\t    \t\t\r\n\t\t\t\t\t\t\t    \t\t\r\n\r\n\r\n\t\t\t\t\t\t    \t\t<\/div>\r\n\r\n\t\t\t\t\t    \t\t\t\t\t\t    \t\t\t\t\t    \t\t\r\n\t\t    \t\t\t    \t\t       \r\n\t\t\t    <div class=\"services-text\">\r\n\t\t\t    \t<div class=\"service-inner button_inner\">\r\n\r\n\r\n\t\t\t    \t\t\r\n\t\t\t    \t\t\r\n\r\n\t\t\t\t    \t\r\n\t\t\t\t    \t\t\t\t\t\t    \t\t\t\t\t\t\t    \t<div class=\"services-titles\">\t\t\t\t    \t\t\r\n\t\t\t\t\t\t    \t\t\t\t\t\t\t    \t\t\t\t\t\t\t    \t\t\t\r\n\t\t\t\t\t\t    \t\t<h3  class=\"title\"> <a href=\"https:\/\/biofood-dz.com\/switchelectric\/electricite-batiment\/\"  >Electricit\u00e9 B\u00e2timent<\/a><\/h3>\r\n\t\t\t\t\t\t    \t\t\t\t\t\t    \t\t\r\n\t\t\t\t\t\t    \t<\/div>\r\n\t\t\t\t\t    \t\t\r\n\r\n\r\n\r\n\t\t\t\t\t    \r\n\t\t\t\t    \t\t\t\t\t    \t\t<p class=\"services-txt\">  L'\u00e9lectricit\u00e9 b\u00e2timent est une branche essentielle de l'\u00e9lectricit\u00e9 qui se focalise sur la conception, l'installation et la maintenance...\n<\/p>\t\r\n\t\t\t\t    \t\t\r\n\r\n\t    \t    \t\t\t\t    \t    \t\t\t\t\t    \t\t    \t<div class=\"services-btn-part\">\r\n\t\t\t    \t\t    \t\t\t\t    \t\t    \t\t\t<a class=\"services-btn icon-after\" href=\"https:\/\/biofood-dz.com\/switchelectric\/electricite-batiment\/\" >\r\n\r\n\t\t    \t\t    \t\t\t\t<span class=\"btn_text\">\r\n\t\t    \t\t    \t\t\t\t\tLire Plus    \t\t\t\t\t\t\r\n\t\t    \t\t    \t\t\t\t<\/span>\r\n\r\n\t\t    \t\t    \t\t\t\t\r\n\r\n\t\t    \t\t    \t\t\t<\/a>\r\n\t\t\t    \t\t    \t<\/div>\r\n\t\t\t    \t    \t\t\t\t\t    <\/div>\r\n\t\t\t    <\/div>\r\n\r\n\t\t\t    \t\t\t    \t<div class=\"normarl-text-area\">\r\n\t\t\t    \t\t\t\t\t\t    \t<div class=\"services-titles\">\t\t\t\t    \t\t\r\n\t\t\t\t    \t\t\t\t\t\t\t    \t\t\t\t\t\t\t    \t\t\t\r\n\t\t\t\t    \t\t<h3  class=\"title\"> <a href=\"https:\/\/biofood-dz.com\/switchelectric\/electricite-batiment\/\"  >Electricit\u00e9 B\u00e2timent<\/a><\/h3>\r\n\t\t\t\t    \t\t\t\t\t\t    \t\t\r\n\t\t\t\t    \t<\/div>\r\n\t\t\t    \t\t\r\n\t\t\t    \t\t\t\t\t\t    <\/div>\r\n\t\t\t    \r\n\t\t\t    \t\r\n\r\n\t\t\t    \r\n\t    \t\t\r\n\t\t\t    \t\t\t<\/div>\r\n\r\n\t\t\t\r\n\t\t<\/div>\t\r\n\t\t\r\n\t\t\t<\/div>\n\t\t\t\t<\/div>\n\t\t\t\t<div class=\"elementor-element elementor-element-074be4c elementor-widget elementor-widget-rs-service-grid\" data-id=\"074be4c\" data-element_type=\"widget\" data-widget_type=\"rs-service-grid.default\">\n\t\t\t\t<div class=\"elementor-widget-container\">\n\t\t\t\t\t\r\n\t\t<div class=\" rs-addon-services services-style5 service_shape_yes box_shadow_serial_disable -border rs_hover_shape_disable rs_ rs-shape_image-hover\">\r\n\r\n\t\t    <div class=\"services-part image-align-top\">\r\n\r\n\t\t    \t\r\n\r\n\t\t    \t\t\t\t    \t\t    \t\t\r\n\t\t    \t\t\t    \t\t\t\r\n\t\t\t    \t\t\t\t\t\t    \t\t\t\t\r\n\t\t\t\t    \t\t\t\t<div class=\"services-icon   icon_size_ image-hover no  border-style-\">\r\n\r\n\t\t\t\t\t\t\t    \t\t\r\n\t\t\t\t\t\t\t    \t\t\t\t\t\t\t\t\t\t    \t\t\t\t\t\t\t\t\t\t\t    \t\t\t\t\t\t\t\t\t\t\t    \t\t<img decoding=\"async\" class=\"main-img\" src=\"https:\/\/biofood-dz.com\/switchelectric\/wp-content\/uploads\/2024\/09\/linea-alta-tension.jpg\" alt=\"image\"\/>\r\n\t\t\t\t\t\t\t\t\t    \t\t\t\t\t\t\t\t\t\t    \t\t\t\t\t\t\t\t\t\t    \t\r\n\t\t\t\t\t\t\t\t    \t\r\n\t\t\t\t\t\t\t    \t\t\r\n\t\t\t\t\t\t\t    \t\t\r\n\r\n\r\n\t\t\t\t\t\t    \t\t<\/div>\r\n\r\n\t\t\t\t\t    \t\t\t\t\t\t    \t\t\t\t\t    \t\t\r\n\t\t    \t\t\t    \t\t       \r\n\t\t\t    <div class=\"services-text\">\r\n\t\t\t    \t<div class=\"service-inner button_inner\">\r\n\r\n\r\n\t\t\t    \t\t\r\n\t\t\t    \t\t\r\n\r\n\t\t\t\t    \t\r\n\t\t\t\t    \t\t\t\t\t\t    \t\t\t\t\t\t\t    \t<div class=\"services-titles\">\t\t\t\t    \t\t\r\n\t\t\t\t\t\t    \t\t\t\t\t\t\t    \t\t\t\t\t\t\t    \t\t\t\r\n\t\t\t\t\t\t    \t\t<h3  class=\"title\"> <a href=\"https:\/\/biofood-dz.com\/switchelectric\/reseau-electrique-mt-bt\/\"  >R\u00e9seau Electrique MT - BT<\/a><\/h3>\r\n\t\t\t\t\t\t    \t\t\t\t\t\t    \t\t\r\n\t\t\t\t\t\t    \t<\/div>\r\n\t\t\t\t\t    \t\t\r\n\r\n\r\n\r\n\t\t\t\t\t    \r\n\t\t\t\t    \t\t\t\t\t    \t\t<p class=\"services-txt\">  \n\nDepuis son \u00e9tablissement en 2009, SWITSH ELECTRIC a mis en place une strat\u00e9gie commerciale et une structure interne visant ...<\/p>\t\r\n\t\t\t\t    \t\t\r\n\r\n\t    \t    \t\t\t\t    \t    \t\t\t\t\t    \t\t    \t<div class=\"services-btn-part\">\r\n\t\t\t    \t\t    \t\t\t\t    \t\t    \t\t\t<a class=\"services-btn icon-after\" href=\"https:\/\/biofood-dz.com\/switchelectric\/reseau-electrique-mt-bt\/\" >\r\n\r\n\t\t    \t\t    \t\t\t\t<span class=\"btn_text\">\r\n\t\t    \t\t    \t\t\t\t\tLire Plus    \t\t\t\t\t\t\r\n\t\t    \t\t    \t\t\t\t<\/span>\r\n\r\n\t\t    \t\t    \t\t\t\t\r\n\r\n\t\t    \t\t    \t\t\t<\/a>\r\n\t\t\t    \t\t    \t<\/div>\r\n\t\t\t    \t    \t\t\t\t\t    <\/div>\r\n\t\t\t    <\/div>\r\n\r\n\t\t\t    \t\t\t    \t<div class=\"normarl-text-area\">\r\n\t\t\t    \t\t\t\t\t\t    \t<div class=\"services-titles\">\t\t\t\t    \t\t\r\n\t\t\t\t    \t\t\t\t\t\t\t    \t\t\t\t\t\t\t    \t\t\t\r\n\t\t\t\t    \t\t<h3  class=\"title\"> <a href=\"https:\/\/biofood-dz.com\/switchelectric\/reseau-electrique-mt-bt\/\"  >R\u00e9seau Electrique MT - BT<\/a><\/h3>\r\n\t\t\t\t    \t\t\t\t\t\t    \t\t\r\n\t\t\t\t    \t<\/div>\r\n\t\t\t    \t\t\r\n\t\t\t    \t\t\t\t\t\t    <\/div>\r\n\t\t\t    \r\n\t\t\t    \t\r\n\r\n\t\t\t    \r\n\t    \t\t\r\n\t\t\t    \t\t\t<\/div>\r\n\r\n\t\t\t\r\n\t\t<\/div>\t\r\n\t\t\r\n\t\t\t<\/div>\n\t\t\t\t<\/div>\n\t\t\t\t<div class=\"elementor-element elementor-element-3809d86 elementor-widget elementor-widget-rs-service-grid\" data-id=\"3809d86\" data-element_type=\"widget\" data-widget_type=\"rs-service-grid.default\">\n\t\t\t\t<div class=\"elementor-widget-container\">\n\t\t\t\t\t\r\n\t\t<div class=\" rs-addon-services services-style5 service_shape_yes box_shadow_serial_disable -border rs_hover_shape_disable rs_ rs-shape_image-hover\">\r\n\r\n\t\t    <div class=\"services-part image-align-top\">\r\n\r\n\t\t    \t\r\n\r\n\t\t    \t\t\t\t    \t\t    \t\t\r\n\t\t    \t\t\t    \t\t\t\r\n\t\t\t    \t\t\t\t\t\t    \t\t\t\t\r\n\t\t\t\t    \t\t\t\t<div class=\"services-icon   icon_size_ image-hover no  border-style-\">\r\n\r\n\t\t\t\t\t\t\t    \t\t\r\n\t\t\t\t\t\t\t    \t\t\t\t\t\t\t\t\t\t    \t\t\t\t\t\t\t\t\t\t\t    \t\t\t\t\t\t\t\t\t\t\t    \t\t<img decoding=\"async\" class=\"main-img\" src=\"https:\/\/biofood-dz.com\/switchelectric\/wp-content\/uploads\/2024\/09\/AdobeStock_439136266-scaled-1.jpeg\" alt=\"image\"\/>\r\n\t\t\t\t\t\t\t\t\t    \t\t\t\t\t\t\t\t\t\t    \t\t\t\t\t\t\t\t\t\t    \t\r\n\t\t\t\t\t\t\t\t    \t\r\n\t\t\t\t\t\t\t    \t\t\r\n\t\t\t\t\t\t\t    \t\t\r\n\r\n\r\n\t\t\t\t\t\t    \t\t<\/div>\r\n\r\n\t\t\t\t\t    \t\t\t\t\t\t    \t\t\t\t\t    \t\t\r\n\t\t    \t\t\t    \t\t       \r\n\t\t\t    <div class=\"services-text\">\r\n\t\t\t    \t<div class=\"service-inner button_inner\">\r\n\r\n\r\n\t\t\t    \t\t\r\n\t\t\t    \t\t\r\n\r\n\t\t\t\t    \t\r\n\t\t\t\t    \t\t\t\t\t\t    \t\t\t\t\t\t\t    \t<div class=\"services-titles\">\t\t\t\t    \t\t\r\n\t\t\t\t\t\t    \t\t\t\t\t\t\t    \t\t\t\t\t\t\t    \t\t\t\r\n\t\t\t\t\t\t    \t\t<h3  class=\"title\"> <a href=\"https:\/\/biofood-dz.com\/switchelectric\/electricite-industrielle\/\"  >Electricit\u00e9 Industrielle<\/a><\/h3>\r\n\t\t\t\t\t\t    \t\t\t\t\t\t    \t\t\r\n\t\t\t\t\t\t    \t<\/div>\r\n\t\t\t\t\t    \t\t\r\n\r\n\r\n\r\n\t\t\t\t\t    \r\n\t\t\t\t    \t\t\t\t\t    \t\t<p class=\"services-txt\">  L\u2019\u00e9lectricit\u00e9 industrielle se concentre sur la conception, l\u2019installation et la maintenance ...<\/p>\t\r\n\t\t\t\t    \t\t\r\n\r\n\t    \t    \t\t\t\t    \t    \t\t\t\t\t    \t\t    \t<div class=\"services-btn-part\">\r\n\t\t\t    \t\t    \t\t\t\t    \t\t    \t\t\t<a class=\"services-btn icon-after\" href=\"https:\/\/biofood-dz.com\/switchelectric\/electricite-industrielle\/\" >\r\n\r\n\t\t    \t\t    \t\t\t\t<span class=\"btn_text\">\r\n\t\t    \t\t    \t\t\t\t\tLire Plus    \t\t\t\t\t\t\r\n\t\t    \t\t    \t\t\t\t<\/span>\r\n\r\n\t\t    \t\t    \t\t\t\t\r\n\r\n\t\t    \t\t    \t\t\t<\/a>\r\n\t\t\t    \t\t    \t<\/div>\r\n\t\t\t    \t    \t\t\t\t\t    <\/div>\r\n\t\t\t    <\/div>\r\n\r\n\t\t\t    \t\t\t    \t<div class=\"normarl-text-area\">\r\n\t\t\t    \t\t\t\t\t\t    \t<div class=\"services-titles\">\t\t\t\t    \t\t\r\n\t\t\t\t    \t\t\t\t\t\t\t    \t\t\t\t\t\t\t    \t\t\t\r\n\t\t\t\t    \t\t<h3  class=\"title\"> <a href=\"https:\/\/biofood-dz.com\/switchelectric\/electricite-industrielle\/\"  >Electricit\u00e9 Industrielle<\/a><\/h3>\r\n\t\t\t\t    \t\t\t\t\t\t    \t\t\r\n\t\t\t\t    \t<\/div>\r\n\t\t\t    \t\t\r\n\t\t\t    \t\t\t\t\t\t    <\/div>\r\n\t\t\t    \r\n\t\t\t    \t\r\n\r\n\t\t\t    \r\n\t    \t\t\r\n\t\t\t    \t\t\t<\/div>\r\n\r\n\t\t\t\r\n\t\t<\/div>\t\r\n\t\t\r\n\t\t\t<\/div>\n\t\t\t\t<\/div>\n\t\t\t\t<div class=\"elementor-element elementor-element-7ed5cfa elementor-widget elementor-widget-rs-service-grid\" data-id=\"7ed5cfa\" data-element_type=\"widget\" data-widget_type=\"rs-service-grid.default\">\n\t\t\t\t<div class=\"elementor-widget-container\">\n\t\t\t\t\t\r\n\t\t<div class=\" rs-addon-services services-style5 service_shape_yes box_shadow_serial_disable -border rs_hover_shape_disable rs_ rs-shape_image-hover\">\r\n\r\n\t\t    <div class=\"services-part image-align-top\">\r\n\r\n\t\t    \t\r\n\r\n\t\t    \t\t\t\t    \t\t    \t\t\r\n\t\t    \t\t\t    \t\t\t\r\n\t\t\t    \t\t\t\t\t\t    \t\t\t\t\r\n\t\t\t\t    \t\t\t\t<div class=\"services-icon   icon_size_ image-hover no  border-style-\">\r\n\r\n\t\t\t\t\t\t\t    \t\t\r\n\t\t\t\t\t\t\t    \t\t\t\t\t\t\t\t\t\t    \t\t\t\t\t\t\t\t\t\t\t    \t\t\t\t\t\t\t\t\t\t\t    \t\t<img decoding=\"async\" class=\"main-img\" src=\"https:\/\/biofood-dz.com\/switchelectric\/wp-content\/uploads\/2024\/09\/Transmission-mecanique-1.webp\" alt=\"image\"\/>\r\n\t\t\t\t\t\t\t\t\t    \t\t\t\t\t\t\t\t\t\t    \t\t\t\t\t\t\t\t\t\t    \t\r\n\t\t\t\t\t\t\t\t    \t\r\n\t\t\t\t\t\t\t    \t\t\r\n\t\t\t\t\t\t\t    \t\t\r\n\r\n\r\n\t\t\t\t\t\t    \t\t<\/div>\r\n\r\n\t\t\t\t\t    \t\t\t\t\t\t    \t\t\t\t\t    \t\t\r\n\t\t    \t\t\t    \t\t       \r\n\t\t\t    <div class=\"services-text\">\r\n\t\t\t    \t<div class=\"service-inner button_inner\">\r\n\r\n\r\n\t\t\t    \t\t\r\n\t\t\t    \t\t\r\n\r\n\t\t\t\t    \t\r\n\t\t\t\t    \t\t\t\t\t\t    \t\t\t\t\t\t\t    \t<div class=\"services-titles\">\t\t\t\t    \t\t\r\n\t\t\t\t\t\t    \t\t\t\t\t\t\t    \t\t\t\t\t\t\t    \t\t\t\r\n\t\t\t\t\t\t    \t\t<h3  class=\"title\"> <a href=\"https:\/\/biofood-dz.com\/switchelectric\/fourniture-doutillage-et-piece-de-rechange-industrielle\/\"  >Fourniture d&#039;outillage et pi\u00e8ce de rechange industrielle<\/a><\/h3>\r\n\t\t\t\t\t\t    \t\t\t\t\t\t    \t\t\r\n\t\t\t\t\t\t    \t<\/div>\r\n\t\t\t\t\t    \t\t\r\n\r\n\r\n\r\n\t\t\t\t\t    \r\n\t\t\t\t    \t\t\t\t\t    \t\t<p class=\"services-txt\">  Nous proposons \u00e9galement des solutions compl\u00e8tes en mati\u00e8re d'outillage et de pi\u00e8ces ...<\/p>\t\r\n\t\t\t\t    \t\t\r\n\r\n\t    \t    \t\t\t\t    \t    \t\t\t\t\t    \t\t    \t<div class=\"services-btn-part\">\r\n\t\t\t    \t\t    \t\t\t\t    \t\t    \t\t\t<a class=\"services-btn icon-after\" href=\"https:\/\/biofood-dz.com\/switchelectric\/fourniture-doutillage-et-piece-de-rechange-industrielle\/\" >\r\n\r\n\t\t    \t\t    \t\t\t\t<span class=\"btn_text\">\r\n\t\t    \t\t    \t\t\t\t\tLire Plus    \t\t\t\t\t\t\r\n\t\t    \t\t    \t\t\t\t<\/span>\r\n\r\n\t\t    \t\t    \t\t\t\t\r\n\r\n\t\t    \t\t    \t\t\t<\/a>\r\n\t\t\t    \t\t    \t<\/div>\r\n\t\t\t    \t    \t\t\t\t\t    <\/div>\r\n\t\t\t    <\/div>\r\n\r\n\t\t\t    \t\t\t    \t<div class=\"normarl-text-area\">\r\n\t\t\t    \t\t\t\t\t\t    \t<div class=\"services-titles\">\t\t\t\t    \t\t\r\n\t\t\t\t    \t\t\t\t\t\t\t    \t\t\t\t\t\t\t    \t\t\t\r\n\t\t\t\t    \t\t<h3  class=\"title\"> <a href=\"https:\/\/biofood-dz.com\/switchelectric\/fourniture-doutillage-et-piece-de-rechange-industrielle\/\"  >Fourniture d&#039;outillage et pi\u00e8ce de rechange industrielle<\/a><\/h3>\r\n\t\t\t\t    \t\t\t\t\t\t    \t\t\r\n\t\t\t\t    \t<\/div>\r\n\t\t\t    \t\t\r\n\t\t\t    \t\t\t\t\t\t    <\/div>\r\n\t\t\t    \r\n\t\t\t    \t\r\n\r\n\t\t\t    \r\n\t    \t\t\r\n\t\t\t    \t\t\t<\/div>\r\n\r\n\t\t\t\r\n\t\t<\/div>\t\r\n\t\t\r\n\t\t\t<\/div>\n\t\t\t\t<\/div>\n\t\t\t\t\t<\/div>\n\t\t\t\t<\/div>\n\t\t\t\t<\/div>\n\t\t","protected":false},"excerpt":{"rendered":"<p>Fournitures SWITCH ELECTRIC &gt; Blog Eclairage Public Nous proposons une s\u00e9lection compl\u00e8te d&#8217;articles d&#8217;\u00e9clairage public en collaborant avec les plus grandes marques &#8230; Lire Plus Eclairage Public Electricit\u00e9 B\u00e2timent L&#8217;\u00e9lectricit\u00e9 b\u00e2timent est une branche essentielle de l&#8217;\u00e9lectricit\u00e9 qui se focalise sur la conception, l&#8217;installation et la maintenance&#8230; Lire Plus Electricit\u00e9 B\u00e2timent R\u00e9seau Electrique MT &#8211;&#8230;<\/p>\n","protected":false},"author":1,"featured_media":0,"parent":0,"menu_order":0,"comment_status":"closed","ping_status":"closed","template":"","meta":{"_monsterinsights_skip_tracking":false,"_monsterinsights_sitenote_active":false,"_monsterinsights_sitenote_note":"","_monsterinsights_sitenote_category":0,"footnotes":""},"class_list":["post-19308","page","type-page","status-publish","hentry"],"aioseo_notices":[],"_links":{"self":[{"href":"https:\/\/biofood-dz.com\/switchelectric\/wp-json\/wp\/v2\/pages\/19308","targetHints":{"allow":["GET"]}}],"collection":[{"href":"https:\/\/biofood-dz.com\/switchelectric\/wp-json\/wp\/v2\/pages"}],"about":[{"href":"https:\/\/biofood-dz.com\/switchelectric\/wp-json\/wp\/v2\/types\/page"}],"author":[{"embeddable":true,"href":"https:\/\/biofood-dz.com\/switchelectric\/wp-json\/wp\/v2\/users\/1"}],"replies":[{"embeddable":true,"href":"https:\/\/biofood-dz.com\/switchelectric\/wp-json\/wp\/v2\/comments?post=19308"}],"version-history":[{"count":50,"href":"https:\/\/biofood-dz.com\/switchelectric\/wp-json\/wp\/v2\/pages\/19308\/revisions"}],"predecessor-version":[{"id":19625,"href":"https:\/\/biofood-dz.com\/switchelectric\/wp-json\/wp\/v2\/pages\/19308\/revisions\/19625"}],"wp:attachment":[{"href":"https:\/\/biofood-dz.com\/switchelectric\/wp-json\/wp\/v2\/media?parent=19308"}],"curies":[{"name":"wp","href":"https:\/\/api.w.org\/{rel}","templated":true}]}}