{"id":18992,"date":"2024-09-14T05:31:10","date_gmt":"2024-09-14T05:31:10","guid":{"rendered":"https:\/\/biofood-dz.com\/switchelectric\/?page_id=18992"},"modified":"2024-09-14T06:39:26","modified_gmt":"2024-09-14T06:39:26","slug":"fourniture-doutillage-et-pieces-de-rechanges-professionnels","status":"publish","type":"page","link":"https:\/\/biofood-dz.com\/switchelectric\/fourniture-doutillage-et-pieces-de-rechanges-professionnels\/","title":{"rendered":"FOURNITURE D\u2019OUTILLAGE ET PI\u00c8CES DE RECHANGES PROFESSIONNELS"},"content":{"rendered":"\t\t<div data-elementor-type=\"wp-page\" data-elementor-id=\"18992\" class=\"elementor elementor-18992\">\n\t\t\t\t\t\t<section class=\"elementor-section elementor-top-section elementor-element elementor-element-5525da6 elementor-section-stretched elementor-section-boxed elementor-section-height-default elementor-section-height-default\" data-id=\"5525da6\" data-element_type=\"section\" data-settings=\"{&quot;stretch_section&quot;:&quot;section-stretched&quot;,&quot;background_background&quot;:&quot;classic&quot;}\">\n\t\t\t\t\t\t\t<div class=\"elementor-background-overlay\"><\/div>\n\t\t\t\t\t\t\t<div class=\"elementor-container elementor-column-gap-default\">\n\t\t\t\t\t<div class=\"elementor-column elementor-col-33 elementor-top-column elementor-element elementor-element-ee264f1 elementor-hidden-mobile\" data-id=\"ee264f1\" data-element_type=\"column\">\n\t\t\t<div class=\"elementor-widget-wrap\">\n\t\t\t\t\t\t\t<\/div>\n\t\t<\/div>\n\t\t\t\t<div class=\"elementor-column elementor-col-33 elementor-top-column elementor-element elementor-element-7fc4f58\" data-id=\"7fc4f58\" data-element_type=\"column\">\n\t\t\t<div class=\"elementor-widget-wrap elementor-element-populated\">\n\t\t\t\t\t\t<div class=\"elementor-element elementor-element-3e97b15 elementor-widget elementor-widget-rs-heading\" data-id=\"3e97b15\" data-element_type=\"widget\" data-widget_type=\"rs-heading.default\">\n\t\t\t\t<div class=\"elementor-widget-container\">\n\t\t\t\n        <div class=\"prelements-heading style4 animate- center\">\n\n\n\n        \t<div class=\"title-inner\">        \t\t      \t\t\n\t            <h1 class=\"title\"><span class=\"watermark\"><\/span>Fourniture d'Outillage et Pi\u00e8ces de Rechanges Professionnels<\/h1>\t\t\t\t\n\t\t\t\t\t        <\/div>\n\t                <\/div>\n        \t\t<\/div>\n\t\t\t\t<\/div>\n\t\t\t\t<div class=\"elementor-element elementor-element-b0aa493 elementor-widget elementor-widget-rs-breadcrumb\" data-id=\"b0aa493\" data-element_type=\"widget\" data-widget_type=\"rs-breadcrumb.default\">\n\t\t\t\t<div class=\"elementor-widget-container\">\n\t\t\t                    <div class=\"breadcrumb-area style3\"> \n                <div class=\"breadcrumbs-inner\"> <!-- Breadcrumb NavXT 7.3.1 -->\n<span property=\"itemListElement\" typeof=\"ListItem\"><a property=\"item\" typeof=\"WebPage\" title=\"Aller \u00e0 SWITCH ELECTRIC.\" href=\"https:\/\/biofood-dz.com\/switchelectric\" class=\"home\" ><span property=\"name\">SWITCH ELECTRIC<\/span><\/a><meta property=\"position\" content=\"1\"><\/span> &gt; <span property=\"itemListElement\" typeof=\"ListItem\"><a property=\"item\" typeof=\"WebPage\" title=\"Aller \u00e0 Blog.\" href=\"https:\/\/biofood-dz.com\/switchelectric\/blog\/\" class=\"post-root post post-post\" aria-current=\"page\"><span property=\"name\">Blog<\/span><\/a><meta property=\"position\" content=\"2\"><\/span><\/div>\n            <\/div> \n          \n    \t\t<\/div>\n\t\t\t\t<\/div>\n\t\t\t\t\t<\/div>\n\t\t<\/div>\n\t\t\t\t<div class=\"elementor-column elementor-col-33 elementor-top-column elementor-element elementor-element-7112f06 elementor-hidden-mobile\" data-id=\"7112f06\" data-element_type=\"column\">\n\t\t\t<div class=\"elementor-widget-wrap\">\n\t\t\t\t\t\t\t<\/div>\n\t\t<\/div>\n\t\t\t\t\t<\/div>\n\t\t<\/section>\n\t\t\t\t<section class=\"elementor-section elementor-top-section elementor-element elementor-element-99faa50 elementor-section-stretched elementor-section-boxed elementor-section-height-default elementor-section-height-default\" data-id=\"99faa50\" data-element_type=\"section\" data-settings=\"{&quot;stretch_section&quot;:&quot;section-stretched&quot;,&quot;background_background&quot;:&quot;classic&quot;}\">\n\t\t\t\t\t\t<div class=\"elementor-container elementor-column-gap-default\">\n\t\t\t\t\t<div class=\"elementor-column elementor-col-50 elementor-top-column elementor-element elementor-element-94d07ed elementor-invisible\" data-id=\"94d07ed\" data-element_type=\"column\" data-settings=\"{&quot;animation&quot;:&quot;fadeInRight&quot;}\">\n\t\t\t<div class=\"elementor-widget-wrap elementor-element-populated\">\n\t\t\t\t\t\t<div class=\"elementor-element elementor-element-624c9ad elementor-widget elementor-widget-image\" data-id=\"624c9ad\" data-element_type=\"widget\" data-widget_type=\"image.default\">\n\t\t\t\t<div class=\"elementor-widget-container\">\n\t\t\t<style>\/*! elementor - v3.23.0 - 05-08-2024 *\/\n.elementor-widget-image{text-align:center}.elementor-widget-image a{display:inline-block}.elementor-widget-image a img[src$=\".svg\"]{width:48px}.elementor-widget-image img{vertical-align:middle;display:inline-block}<\/style>\t\t\t\t\t\t\t\t\t\t<img fetchpriority=\"high\" decoding=\"async\" width=\"683\" height=\"683\" src=\"https:\/\/biofood-dz.com\/switchelectric\/wp-content\/uploads\/2024\/09\/image-6.png\" class=\"attachment-full size-full wp-image-19001\" alt=\"\" srcset=\"https:\/\/biofood-dz.com\/switchelectric\/wp-content\/uploads\/2024\/09\/image-6.png 683w, https:\/\/biofood-dz.com\/switchelectric\/wp-content\/uploads\/2024\/09\/image-6-300x300.png 300w, https:\/\/biofood-dz.com\/switchelectric\/wp-content\/uploads\/2024\/09\/image-6-150x150.png 150w, https:\/\/biofood-dz.com\/switchelectric\/wp-content\/uploads\/2024\/09\/image-6-500x500.png 500w, https:\/\/biofood-dz.com\/switchelectric\/wp-content\/uploads\/2024\/09\/image-6-100x100.png 100w, https:\/\/biofood-dz.com\/switchelectric\/wp-content\/uploads\/2024\/09\/image-6-600x600.png 600w\" sizes=\"(max-width: 683px) 100vw, 683px\" \/>\t\t\t\t\t\t\t\t\t\t\t\t\t<\/div>\n\t\t\t\t<\/div>\n\t\t\t\t\t<\/div>\n\t\t<\/div>\n\t\t\t\t<div class=\"elementor-column elementor-col-50 elementor-top-column elementor-element elementor-element-f4aa8cc elementor-invisible\" data-id=\"f4aa8cc\" data-element_type=\"column\" data-settings=\"{&quot;animation&quot;:&quot;fadeInRight&quot;}\">\n\t\t\t<div class=\"elementor-widget-wrap elementor-element-populated\">\n\t\t\t\t\t\t<div class=\"elementor-element elementor-element-0d21dde elementor-widget elementor-widget-rs-heading\" data-id=\"0d21dde\" data-element_type=\"widget\" data-widget_type=\"rs-heading.default\">\n\t\t\t\t<div class=\"elementor-widget-container\">\n\t\t\t\n        <div class=\"prelements-heading style9 animate- center\">\n\n\n\n        \t<div class=\"title-inner\">        \t\t      \t\t\n\t             <img decoding=\"async\" src=\"https:\/\/rstheme.com\/products\/wordpress\/konstruk\/wp-content\/uploads\/2022\/03\/shape_1.png\" alt=\"icon\"><span class=\"sub-text \">SWITSH ELECTRIC<\/span><h2 class=\"title\"><span class=\"watermark\"><\/span>FOURNITURE D\u2019OUTILLAGE ET PI\u00c8CES DE RECHANGES PROFESSIONNELS<\/h2>\t\t\t\t\n\t\t\t\t\t        <\/div>\n\t                    \t<div class=\"description\">\n            \t\t            \t\t<p>Nous sommes reconnus \u00e9galement par la fourniture d'outillages professionnels, de pi\u00e8ces de rechange industrielles, et d'\u00e9quipements industriels de haute qualit\u00e9. Nous s\u00e9lectionnons avec soin les marques les plus prestigieuses sur le march\u00e9 international pour garantir l'excellence de nos produits. Nous nous engageons \u00e0 offrir \u00e0 nos clients des solutions industrielles fiables et performantes, r\u00e9pondant aux normes les plus exigeantes pour satisfaire tous les besoins industriels.<\/p>  \n            \t<\/div>\n        \t        <\/div>\n        \t\t<\/div>\n\t\t\t\t<\/div>\n\t\t\t\t\t<\/div>\n\t\t<\/div>\n\t\t\t\t\t<\/div>\n\t\t<\/section>\n\t\t\t\t<\/div>\n\t\t","protected":false},"excerpt":{"rendered":"<p>Fourniture d&#8217;Outillage et Pi\u00e8ces de Rechanges Professionnels SWITCH ELECTRIC &gt; Blog SWITSH ELECTRIC FOURNITURE D\u2019OUTILLAGE ET PI\u00c8CES DE RECHANGES PROFESSIONNELS Nous sommes reconnus \u00e9galement par la fourniture d&#8217;outillages professionnels, de pi\u00e8ces de rechange industrielles, et d&#8217;\u00e9quipements industriels de haute qualit\u00e9. Nous s\u00e9lectionnons avec soin les marques les plus prestigieuses sur le march\u00e9 international pour garantir&#8230;<\/p>\n","protected":false},"author":1,"featured_media":0,"parent":0,"menu_order":0,"comment_status":"closed","ping_status":"closed","template":"","meta":{"_monsterinsights_skip_tracking":false,"_monsterinsights_sitenote_active":false,"_monsterinsights_sitenote_note":"","_monsterinsights_sitenote_category":0,"footnotes":""},"class_list":["post-18992","page","type-page","status-publish","hentry"],"aioseo_notices":[],"_links":{"self":[{"href":"https:\/\/biofood-dz.com\/switchelectric\/wp-json\/wp\/v2\/pages\/18992","targetHints":{"allow":["GET"]}}],"collection":[{"href":"https:\/\/biofood-dz.com\/switchelectric\/wp-json\/wp\/v2\/pages"}],"about":[{"href":"https:\/\/biofood-dz.com\/switchelectric\/wp-json\/wp\/v2\/types\/page"}],"author":[{"embeddable":true,"href":"https:\/\/biofood-dz.com\/switchelectric\/wp-json\/wp\/v2\/users\/1"}],"replies":[{"embeddable":true,"href":"https:\/\/biofood-dz.com\/switchelectric\/wp-json\/wp\/v2\/comments?post=18992"}],"version-history":[{"count":10,"href":"https:\/\/biofood-dz.com\/switchelectric\/wp-json\/wp\/v2\/pages\/18992\/revisions"}],"predecessor-version":[{"id":19004,"href":"https:\/\/biofood-dz.com\/switchelectric\/wp-json\/wp\/v2\/pages\/18992\/revisions\/19004"}],"wp:attachment":[{"href":"https:\/\/biofood-dz.com\/switchelectric\/wp-json\/wp\/v2\/media?parent=18992"}],"curies":[{"name":"wp","href":"https:\/\/api.w.org\/{rel}","templated":true}]}}