{"id":18946,"date":"2024-09-12T04:54:39","date_gmt":"2024-09-12T04:54:39","guid":{"rendered":"https:\/\/biofood-dz.com\/switchelectric\/?page_id=18946"},"modified":"2024-10-03T10:23:20","modified_gmt":"2024-10-03T10:23:20","slug":"moteur-electrique-menzel","status":"publish","type":"page","link":"https:\/\/biofood-dz.com\/switchelectric\/moteur-electrique-menzel\/","title":{"rendered":"Fourniture &#038; Installation des moteurs \u00e9lectriques"},"content":{"rendered":"\t\t<div data-elementor-type=\"wp-page\" data-elementor-id=\"18946\" class=\"elementor elementor-18946\">\n\t\t\t\t\t\t<section class=\"elementor-section elementor-top-section elementor-element elementor-element-5525da6 elementor-section-stretched elementor-section-boxed elementor-section-height-default elementor-section-height-default\" data-id=\"5525da6\" data-element_type=\"section\" data-settings=\"{&quot;stretch_section&quot;:&quot;section-stretched&quot;,&quot;background_background&quot;:&quot;classic&quot;}\">\n\t\t\t\t\t\t\t<div class=\"elementor-background-overlay\"><\/div>\n\t\t\t\t\t\t\t<div class=\"elementor-container elementor-column-gap-default\">\n\t\t\t\t\t<div class=\"elementor-column elementor-col-33 elementor-top-column elementor-element elementor-element-ee264f1 elementor-hidden-mobile\" data-id=\"ee264f1\" data-element_type=\"column\">\n\t\t\t<div class=\"elementor-widget-wrap\">\n\t\t\t\t\t\t\t<\/div>\n\t\t<\/div>\n\t\t\t\t<div class=\"elementor-column elementor-col-33 elementor-top-column elementor-element elementor-element-7fc4f58\" data-id=\"7fc4f58\" data-element_type=\"column\">\n\t\t\t<div class=\"elementor-widget-wrap elementor-element-populated\">\n\t\t\t\t\t\t<div class=\"elementor-element elementor-element-3e97b15 elementor-widget elementor-widget-rs-heading\" data-id=\"3e97b15\" data-element_type=\"widget\" data-widget_type=\"rs-heading.default\">\n\t\t\t\t<div class=\"elementor-widget-container\">\n\t\t\t\n        <div class=\"prelements-heading style4 animate- center\">\n\n\n\n        \t<div class=\"title-inner\">        \t\t      \t\t\n\t            <h1 class=\"title\"><span class=\"watermark\"><\/span>Moteur Electrique MENZEL<\/h1>\t\t\t\t\n\t\t\t\t\t        <\/div>\n\t                <\/div>\n        \t\t<\/div>\n\t\t\t\t<\/div>\n\t\t\t\t<div class=\"elementor-element elementor-element-b0aa493 elementor-widget elementor-widget-rs-breadcrumb\" data-id=\"b0aa493\" data-element_type=\"widget\" data-widget_type=\"rs-breadcrumb.default\">\n\t\t\t\t<div class=\"elementor-widget-container\">\n\t\t\t                    <div class=\"breadcrumb-area style3\"> \n                <div class=\"breadcrumbs-inner\"> <!-- Breadcrumb NavXT 7.3.1 -->\n<span property=\"itemListElement\" typeof=\"ListItem\"><a property=\"item\" typeof=\"WebPage\" title=\"Aller \u00e0 SWITCH ELECTRIC.\" href=\"https:\/\/biofood-dz.com\/switchelectric\" class=\"home\" ><span property=\"name\">SWITCH ELECTRIC<\/span><\/a><meta property=\"position\" content=\"1\"><\/span> &gt; <span property=\"itemListElement\" typeof=\"ListItem\"><a property=\"item\" typeof=\"WebPage\" title=\"Aller \u00e0 Blog.\" href=\"https:\/\/biofood-dz.com\/switchelectric\/blog\/\" class=\"post-root post post-post\" aria-current=\"page\"><span property=\"name\">Blog<\/span><\/a><meta property=\"position\" content=\"2\"><\/span><\/div>\n            <\/div> \n          \n    \t\t<\/div>\n\t\t\t\t<\/div>\n\t\t\t\t\t<\/div>\n\t\t<\/div>\n\t\t\t\t<div class=\"elementor-column elementor-col-33 elementor-top-column elementor-element elementor-element-7112f06 elementor-hidden-mobile\" data-id=\"7112f06\" data-element_type=\"column\">\n\t\t\t<div class=\"elementor-widget-wrap\">\n\t\t\t\t\t\t\t<\/div>\n\t\t<\/div>\n\t\t\t\t\t<\/div>\n\t\t<\/section>\n\t\t\t\t<section class=\"elementor-section elementor-top-section elementor-element elementor-element-99faa50 elementor-section-stretched elementor-section-boxed elementor-section-height-default elementor-section-height-default\" data-id=\"99faa50\" data-element_type=\"section\" data-settings=\"{&quot;stretch_section&quot;:&quot;section-stretched&quot;,&quot;background_background&quot;:&quot;classic&quot;}\">\n\t\t\t\t\t\t<div class=\"elementor-container elementor-column-gap-default\">\n\t\t\t\t\t<div class=\"elementor-column elementor-col-50 elementor-top-column elementor-element elementor-element-94d07ed elementor-invisible\" data-id=\"94d07ed\" data-element_type=\"column\" data-settings=\"{&quot;animation&quot;:&quot;fadeInRight&quot;}\">\n\t\t\t<div class=\"elementor-widget-wrap elementor-element-populated\">\n\t\t\t\t\t\t<div class=\"elementor-element elementor-element-624c9ad elementor-widget elementor-widget-image\" data-id=\"624c9ad\" data-element_type=\"widget\" data-widget_type=\"image.default\">\n\t\t\t\t<div class=\"elementor-widget-container\">\n\t\t\t<style>\/*! elementor - v3.23.0 - 05-08-2024 *\/\n.elementor-widget-image{text-align:center}.elementor-widget-image a{display:inline-block}.elementor-widget-image a img[src$=\".svg\"]{width:48px}.elementor-widget-image img{vertical-align:middle;display:inline-block}<\/style>\t\t\t\t\t\t\t\t\t\t<img fetchpriority=\"high\" decoding=\"async\" width=\"683\" height=\"683\" src=\"https:\/\/biofood-dz.com\/switchelectric\/wp-content\/uploads\/2024\/09\/image-4.png\" class=\"attachment-full size-full wp-image-18949\" alt=\"\" srcset=\"https:\/\/biofood-dz.com\/switchelectric\/wp-content\/uploads\/2024\/09\/image-4.png 683w, https:\/\/biofood-dz.com\/switchelectric\/wp-content\/uploads\/2024\/09\/image-4-300x300.png 300w, https:\/\/biofood-dz.com\/switchelectric\/wp-content\/uploads\/2024\/09\/image-4-150x150.png 150w, https:\/\/biofood-dz.com\/switchelectric\/wp-content\/uploads\/2024\/09\/image-4-500x500.png 500w, https:\/\/biofood-dz.com\/switchelectric\/wp-content\/uploads\/2024\/09\/image-4-100x100.png 100w, https:\/\/biofood-dz.com\/switchelectric\/wp-content\/uploads\/2024\/09\/image-4-600x600.png 600w\" sizes=\"(max-width: 683px) 100vw, 683px\" \/>\t\t\t\t\t\t\t\t\t\t\t\t\t<\/div>\n\t\t\t\t<\/div>\n\t\t\t\t\t<\/div>\n\t\t<\/div>\n\t\t\t\t<div class=\"elementor-column elementor-col-50 elementor-top-column elementor-element elementor-element-f4aa8cc elementor-invisible\" data-id=\"f4aa8cc\" data-element_type=\"column\" data-settings=\"{&quot;animation&quot;:&quot;fadeInRight&quot;}\">\n\t\t\t<div class=\"elementor-widget-wrap elementor-element-populated\">\n\t\t\t\t\t\t<div class=\"elementor-element elementor-element-0d21dde elementor-widget elementor-widget-rs-heading\" data-id=\"0d21dde\" data-element_type=\"widget\" data-widget_type=\"rs-heading.default\">\n\t\t\t\t<div class=\"elementor-widget-container\">\n\t\t\t\n        <div class=\"prelements-heading style9 animate- left\">\n\n\n\n        \t<div class=\"title-inner\">        \t\t      \t\t\n\t             <img decoding=\"async\" src=\"https:\/\/rstheme.com\/products\/wordpress\/konstruk\/wp-content\/uploads\/2022\/03\/shape_1.png\" alt=\"icon\"><span class=\"sub-text \">SWITSH ELECTRIC<\/span><h2 class=\"title\"><span class=\"watermark\"><\/span>Moteur Electrique MENZEL\n<\/h2>\t\t\t\t\n\t\t\t\t\t        <\/div>\n\t                    \t<div class=\"description\">\n            \t\t            \t\t<p>Nous sommes fiers de notre collaboration avec MENZEL, une PME renomm\u00e9e dans le domaine de l\u2019ing\u00e9nierie des moteurs \u00e9lectriques et des machines tournantes, active depuis 1927. MENZEL se sp\u00e9cialise dans la conception et la fabrication de moteurs \u00e9lectriques sur mesure, avec des capacit\u00e9s allant jusqu'\u00e0 20 000 kW et 13,8 kV.<\/p><p>Ce partenariat strat\u00e9gique nous permet de r\u00e9pondre aux besoins vari\u00e9s de notre client\u00e8le avec une r\u00e9activit\u00e9 et une flexibilit\u00e9 exceptionnelles. MENZEL excelle dans l\u2019\u00e9tude et l\u2019adaptation rapide de moteurs disponibles en stock, tout en offrant la possibilit\u00e9 de concevoir des produits sp\u00e9cifiques selon des cahiers des charges pr\u00e9cis. Gr\u00e2ce \u00e0 cette approche sur mesure, nous pouvons garantir des solutions adapt\u00e9es \u00e0 chaque application, quel que soit le secteur d\u2019activit\u00e9.<\/p><p>Notre collaboration avec MENZEL nous permet de proposer une gamme \u00e9tendue de moteurs \u00e9lectriques qui r\u00e9pondent aux exigences les plus complexes, tout en garantissant une installation et une exploitation optimales. Nous sommes convaincus que cette alliance est un atout majeur pour nos clients, leur offrant des solutions \u00e9nerg\u00e9tiques fiables et sur mesure.<\/p>  \n            \t<\/div>\n        \t        <\/div>\n        \t\t<\/div>\n\t\t\t\t<\/div>\n\t\t\t\t\t<\/div>\n\t\t<\/div>\n\t\t\t\t\t<\/div>\n\t\t<\/section>\n\t\t\t\t<\/div>\n\t\t","protected":false},"excerpt":{"rendered":"<p>Moteur Electrique MENZEL SWITCH ELECTRIC &gt; Blog SWITSH ELECTRIC Moteur Electrique MENZEL Nous sommes fiers de notre collaboration avec MENZEL, une PME renomm\u00e9e dans le domaine de l\u2019ing\u00e9nierie des moteurs \u00e9lectriques et des machines tournantes, active depuis 1927. MENZEL se sp\u00e9cialise dans la conception et la fabrication de moteurs \u00e9lectriques sur mesure, avec des capacit\u00e9s&#8230;<\/p>\n","protected":false},"author":1,"featured_media":0,"parent":0,"menu_order":0,"comment_status":"closed","ping_status":"closed","template":"","meta":{"_monsterinsights_skip_tracking":false,"_monsterinsights_sitenote_active":false,"_monsterinsights_sitenote_note":"","_monsterinsights_sitenote_category":0,"footnotes":""},"class_list":["post-18946","page","type-page","status-publish","hentry"],"aioseo_notices":[],"_links":{"self":[{"href":"https:\/\/biofood-dz.com\/switchelectric\/wp-json\/wp\/v2\/pages\/18946","targetHints":{"allow":["GET"]}}],"collection":[{"href":"https:\/\/biofood-dz.com\/switchelectric\/wp-json\/wp\/v2\/pages"}],"about":[{"href":"https:\/\/biofood-dz.com\/switchelectric\/wp-json\/wp\/v2\/types\/page"}],"author":[{"embeddable":true,"href":"https:\/\/biofood-dz.com\/switchelectric\/wp-json\/wp\/v2\/users\/1"}],"replies":[{"embeddable":true,"href":"https:\/\/biofood-dz.com\/switchelectric\/wp-json\/wp\/v2\/comments?post=18946"}],"version-history":[{"count":11,"href":"https:\/\/biofood-dz.com\/switchelectric\/wp-json\/wp\/v2\/pages\/18946\/revisions"}],"predecessor-version":[{"id":19672,"href":"https:\/\/biofood-dz.com\/switchelectric\/wp-json\/wp\/v2\/pages\/18946\/revisions\/19672"}],"wp:attachment":[{"href":"https:\/\/biofood-dz.com\/switchelectric\/wp-json\/wp\/v2\/media?parent=18946"}],"curies":[{"name":"wp","href":"https:\/\/api.w.org\/{rel}","templated":true}]}}